{"id":1125,"date":"2024-11-18T17:16:48","date_gmt":"2024-11-18T17:16:48","guid":{"rendered":"https:\/\/cemerel.com\/en\/?page_id=1125"},"modified":"2025-02-11T09:39:20","modified_gmt":"2025-02-11T09:39:20","slug":"kurumsal-genel-aydinlatma-metni","status":"publish","type":"page","link":"https:\/\/cemerel.com\/en\/kurumsal-genel-aydinlatma-metni\/","title":{"rendered":"Kurumsal Genel Ayd\u0131nlatma Metni"},"content":{"rendered":"\t\t<div data-elementor-type=\"wp-page\" data-elementor-id=\"1125\" class=\"elementor elementor-1125\">\n\t\t\t\t<div class=\"elementor-element elementor-element-1b6161c e-flex e-con-boxed e-con e-parent\" data-id=\"1b6161c\" data-element_type=\"container\" data-e-type=\"container\" data-settings=\"{&quot;background_background&quot;:&quot;slideshow&quot;,&quot;background_slideshow_gallery&quot;:[{&quot;id&quot;:1027,&quot;url&quot;:&quot;https:\\\/\\\/cemerel.com\\\/en\\\/wp-content\\\/uploads\\\/2025\\\/02\\\/banaer2.png&quot;},{&quot;id&quot;:1026,&quot;url&quot;:&quot;https:\\\/\\\/cemerel.com\\\/en\\\/wp-content\\\/uploads\\\/2025\\\/02\\\/banaer1.png&quot;}],&quot;background_slideshow_lazyload&quot;:&quot;yes&quot;,&quot;background_slideshow_ken_burns&quot;:&quot;yes&quot;,&quot;background_slideshow_loop&quot;:&quot;yes&quot;,&quot;background_slideshow_slide_duration&quot;:5000,&quot;background_slideshow_slide_transition&quot;:&quot;fade&quot;,&quot;background_slideshow_transition_duration&quot;:500,&quot;background_slideshow_ken_burns_zoom_direction&quot;:&quot;in&quot;}\">\n\t\t\t\t\t<div class=\"e-con-inner\">\n\t\t<div class=\"elementor-element elementor-element-a621323 e-con-full e-flex e-con e-child\" data-id=\"a621323\" data-element_type=\"container\" data-e-type=\"container\">\n\t\t\t\t<div class=\"elementor-element elementor-element-2ff45f2 elementor-widget elementor-widget-heading\" data-id=\"2ff45f2\" data-element_type=\"widget\" data-e-type=\"widget\" data-widget_type=\"heading.default\">\n\t\t\t\t<div class=\"elementor-widget-container\">\n\t\t\t\t\t<h1 class=\"elementor-heading-title elementor-size-default\">Kurumsal Genel Ayd\u0131nlatma Metni<\/h1>\t\t\t\t<\/div>\n\t\t\t\t<\/div>\n\t\t\t\t<\/div>\n\t\t\t\t\t<\/div>\n\t\t\t\t<\/div>\n\t\t<div class=\"elementor-element elementor-element-3a31dfd e-flex e-con-boxed e-con e-parent\" data-id=\"3a31dfd\" data-element_type=\"container\" data-e-type=\"container\" data-settings=\"{&quot;background_background&quot;:&quot;classic&quot;}\">\n\t\t\t\t\t<div class=\"e-con-inner\">\n\t\t<div class=\"elementor-element elementor-element-d5b2ddf e-con-full e-flex e-con e-child\" data-id=\"d5b2ddf\" data-element_type=\"container\" data-e-type=\"container\">\n\t\t\t\t<div class=\"elementor-element elementor-element-239a3f9 elementor-widget elementor-widget-heading\" data-id=\"239a3f9\" data-element_type=\"widget\" data-e-type=\"widget\" data-widget_type=\"heading.default\">\n\t\t\t\t<div class=\"elementor-widget-container\">\n\t\t\t\t\t<h3 class=\"elementor-heading-title elementor-size-default\">K\u0130\u015e\u0130SEL VER\u0130LER\u0130N \u0130\u015eLENMES\u0130NE \u0130L\u0130\u015eK\u0130N KURUMSAL GENEL AYDINLATMA METN\u0130<\/h3>\t\t\t\t<\/div>\n\t\t\t\t<\/div>\n\t\t\t\t<div class=\"elementor-element elementor-element-08977fb elementor-widget elementor-widget-text-editor\" data-id=\"08977fb\" data-element_type=\"widget\" data-e-type=\"widget\" data-widget_type=\"text-editor.default\">\n\t\t\t\t<div class=\"elementor-widget-container\">\n\t\t\t\t\t\t\t\t\t<ol><li><p><strong>CEM EREL KALIP TEKNOLOJ\u0130LER\u0130 VE MAK. MET. \u0130TH. \u0130HR. SAN. T\u0130C. LTD. \u015eT\u0130.<\/strong>\u00a0(\u201c<strong>CEM EREL<\/strong>\u201d) olarak; 6698 say\u0131l\u0131 Ki\u015fisel Verilerin Korunmas\u0131 Kanunu (\u201cKVKK\u201d) ve ilgili mevzuat ve yasal d\u00fczenlemelerden kaynaklanan faaliyetleri \u00e7er\u00e7evesinde ki\u015fisel verilerinizin i\u015flenmesi, saklanmas\u0131 ve aktar\u0131lmas\u0131na ili\u015fkin siz Ziyaret\u00e7ilerimizi, \u00c7evrimi\u00e7i Ziyaret\u00e7ilerimizi, M\u00fc\u015fterilerimizi, Potansiyel M\u00fc\u015fterilerimizi, Tedarik\u00e7i \u00c7al\u0131\u015fanlar\u0131m\u0131z\u0131, Tedarik\u00e7i Yetkililerimizi bilgilendirmek amac\u0131yla i\u015fbu ayd\u0131nlatma metnini haz\u0131rlad\u0131k.<\/p><ul><li><strong>\u0130\u015fledi\u011fimiz Ki\u015fisel Veri Kategorileriniz Nelerdir ve Bunlar\u0131 Hangi Ama\u00e7larla \u0130\u015fliyoruz?\u00a0<\/strong>\u00a0 \u00a0 \u00a0<\/li><\/ul><p>Ki\u015fisel bilgileriniz\u00a0<strong>CEM EREL KALIP TEKNOLOJ\u0130LER\u0130 VE MAK. MET. \u0130TH. \u0130HR. SAN. T\u0130C. LTD. \u015eT\u0130.\u00a0<\/strong>taraf\u0131ndan KVKK\u2019n\u0131n 4.2. maddesinde \u00f6ng\u00f6r\u00fclen;<\/p><p><strong>(i)<\/strong>\u00a0Hukuka ve d\u00fcr\u00fcstl\u00fck kurallar\u0131na uygun olma,<\/p><p><strong>(ii)<\/strong>\u00a0Do\u011fru ve gerekti\u011finde g\u00fcncel olma,<\/p><p><strong>(iii)<\/strong>\u00a0Belirli, a\u00e7\u0131k ve me\u015fru ama\u00e7lar i\u00e7in i\u015flenme,<\/p><p><strong>(iv)<\/strong>\u00a0\u0130\u015flendikleri ama\u00e7la ba\u011flant\u0131l\u0131, s\u0131n\u0131rl\u0131 ve \u00f6l\u00e7\u00fcl\u00fc olma,<\/p><p><strong>(v)<\/strong>\u00a0\u0130lgili mevzuatta \u00f6ng\u00f6r\u00fclen veya i\u015flendikleri ama\u00e7 i\u00e7in gerekli olan s\u00fcre kadar muhafaza<\/p><p>edilme,<\/p><p>ilkelerine uygun olarak, i\u015f ortaklar\u0131m\u0131zla kurdu\u011fumuz ve devam eden i\u015f ili\u015fkilerimiz kapsam\u0131nda\u00a0<em>(bir ki\u015finin birden \u00e7ok kategoriye girmesi m\u00fcmk\u00fcnd\u00fcr)<\/em>\u00a0a\u015fa\u011f\u0131da belirtilen ama\u00e7lar do\u011frultusunda i\u015flenebilecektir.<\/p><ol><li><strong>Ziyaret\u00e7ilerimiz<\/strong><\/li><\/ol><p>Ziyaret\u00e7ilerimizin\u00a0<u>kimlik bilgileri<\/u>\u00a0(<strong><em>\u00f6r.<\/em><\/strong><em>\u00a0ad, soyad<\/em>),\u00a0<u>fiziksel mekan g\u00fcvenli\u011fi bilgileri<\/u>\u00a0(<strong><em>\u00f6r.<\/em><\/strong><em>\u00a0kamera kay\u0131tlar\u0131<\/em>)<strong>;<\/strong><\/p><ol><li>ziyaret\u00e7i kay\u0131tlar\u0131n\u0131n olu\u015fturulmas\u0131 ve takibi,<\/li><li>fiziksel mekan g\u00fcvenli\u011finin temini ama\u00e7lar\u0131 ile i\u015flenecektir.<\/li><\/ol><ol><li><strong>\u00c7evrimi\u00e7i Ziyaret\u00e7ilerimiz<\/strong><\/li><\/ol><p>Web sitemizi kullanan \u00e7evirimi\u00e7i ziyaret\u00e7ilerimizin\u00a0<u>i\u015flem g\u00fcvenli\u011fi bilgileri<\/u>\u00a0<em>(<\/em><strong><em>\u00f6r.<\/em><\/strong><em>\u00a0IP adresi bilginiz)<\/em><\/p><ol><li>faaliyetlerin mevzuata uygun y\u00fcr\u00fct\u00fclmesi,<\/li><li>bilgi g\u00fcvenli\u011fi s\u00fcre\u00e7lerinin y\u00fcr\u00fct\u00fclmesi,<\/li><li>yetkili ki\u015fi, kurum ve kurulu\u015flara bilgi verilmesi,<\/li><li>internet arac\u0131l\u0131\u011f\u0131yla web sitemize eri\u015fiminizi sa\u011flayabilmek amac\u0131yla i\u015flenecektir.<\/li><li><strong>M\u00fc\u015fterilerimiz<\/strong><\/li><\/ol><p>Ger\u00e7ek ki\u015fi m\u00fc\u015fterilerimizin veya t\u00fczel ki\u015fi m\u00fc\u015fterilerimizin yetkililerinin ve\/veya \u00e7al\u0131\u015fanlar\u0131n\u0131n\u00a0<u>kimlik bilgileri<\/u>,\u00a0<u>ileti\u015fim bilgileri<\/u>,\u00a0<u>m\u00fc\u015fteri i\u015flemi bilgileri<\/u>\u00a0<em>(<strong>\u00f6r.<\/strong>\u00a0sipari\u015f bilgisi)<\/em>,\u00a0<u>fiziksel mekan g\u00fcvenli\u011fi bilgileri<\/u>,\u00a0<u>finans bilgileri<\/u>\u00a0<em>(<strong>\u00f6r.<\/strong>\u00a0bilan\u00e7o bilgileri)<\/em>,\u00a0<u>hukuki i\u015flem bilgileri<\/u>,\u00a0<u>pazarlama bilgileri<\/u>\u00a0<em>(<strong>\u00f6r.<\/strong>\u00a0al\u0131\u015fveri\u015f ge\u00e7mi\u015fi bilgileri)<\/em><strong>;<\/strong><\/p><p><strong>\u00a0\u00a0\u00a0\u00a0\u00a0\u00a0\u00a0\u00a0\u00a0\u00a0\u00a0<\/strong><\/p><ol><li>faaliyetlerin mevzuata uygun y\u00fcr\u00fct\u00fclmesi,<\/li><li>finans ve muhasebe i\u015flerinin y\u00fcr\u00fct\u00fclmesi,<\/li><li>i\u015f faaliyetlerinin y\u00fcr\u00fct\u00fclmesi\/denetimi,<\/li><li>lojistik faaliyetlerinin y\u00fcr\u00fct\u00fclmesi,<\/li><li>mal\/hizmet sat\u0131\u015f sonras\u0131 destek hizmetlerinin y\u00fcr\u00fct\u00fclmesi,<\/li><li>mal\/hizmet sat\u0131\u015f s\u00fcre\u00e7lerinin y\u00fcr\u00fct\u00fclmesi,<\/li><li>pazarlama analiz \u00e7al\u0131\u015fmalar\u0131n\u0131n y\u00fcr\u00fct\u00fclmesi,<\/li><li>s\u00f6zle\u015fme s\u00fcre\u00e7lerinin y\u00fcr\u00fct\u00fclmesi,<\/li><li>yetkili ki\u015fi, kurum ve kurulu\u015flara bilgi verilmesi,<\/li><li>fiziksel mekan g\u00fcvenli\u011finin temini,<\/li><li>hukuki uyu\u015fmazl\u0131klar\u0131n giderilmesi,<\/li><li>saklama ve ar\u015fiv faaliyetlerinin y\u00fcr\u00fct\u00fclmesi,<\/li><\/ol><ul><li>risk y\u00f6netimi s\u00fcre\u00e7lerinin y\u00fcr\u00fct\u00fclmesi,<\/li><\/ul><ol><li>firma\/\u00fcr\u00fcn\/hizmetlere ba\u011fl\u0131l\u0131k s\u00fcre\u00e7lerinin y\u00fcr\u00fct\u00fclmesi,<\/li><li>ileti\u015fim faaliyetlerinin y\u00fcr\u00fct\u00fclmesi ama\u00e7lar\u0131 ile i\u015flenecektir.<\/li><li><strong>Potansiyel M\u00fc\u015fterilerimiz \u00a0\u00a0\u00a0\u00a0\u00a0\u00a0\u00a0\u00a0\u00a0\u00a0<\/strong>\u00a0 \u00a0\u00a0<\/li><\/ol><p>Ger\u00e7ek ki\u015fi m\u00fc\u015fterilerimizin veya t\u00fczel ki\u015fi m\u00fc\u015fterilerimizin yetkililerinin ve\/veya \u00e7al\u0131\u015fanlar\u0131n\u0131n\u00a0<u>kimlik bilgileri<\/u>,\u00a0<u>ileti\u015fim bilgileri<\/u>,\u00a0<u>m\u00fc\u015fteri i\u015flemi bilgileri<\/u>,\u00a0<u>fiziksel mekan g\u00fcvenli\u011fi bilgileri<\/u><strong>,\u00a0<\/strong><u>pazarlama bilgileri<\/u><strong>;<\/strong><\/p><ol><li>mal\/hizmet sat\u0131\u015f s\u00fcre\u00e7lerinin y\u00f6netilmesi,<\/li><li>s\u00f6zle\u015fme s\u00fcre\u00e7lerinin y\u00fcr\u00fct\u00fclmesi,<\/li><li>fiziksel mekan g\u00fcvenli\u011finin temini,<\/li><li>pazarlama analiz \u00e7al\u0131\u015fmalar\u0131n\u0131n y\u00fcr\u00fct\u00fclmesi ama\u00e7lar\u0131 ile i\u015flenecektir<\/li><li><strong>Tedarik\u00e7i \u00c7al\u0131\u015fan\u0131m\u0131z<\/strong><\/li><\/ol><p>Tedarik\u00e7i \u00e7al\u0131\u015fan\u0131m\u0131z\u0131n\u00a0<u>kimlik bilgileri<\/u>,\u00a0<u>ileti\u015fim bilgileri<\/u>,\u00a0<u>fiziksel mekan g\u00fcvenli\u011fi bilgileri, mesleki deneyim bilgileri\u00a0<em>(\u00f6r. meslek i\u00e7i e\u011fitim bilgileri)<\/em><strong>;<\/strong><\/u><\/p><ol><li>ileti\u015fim faaliyetlerinin y\u00fcr\u00fct\u00fclmesi,<\/li><li>i\u015f faaliyetlerinin y\u00fcr\u00fct\u00fclmesi\/denetimi,<\/li><li>fiziksel mekan g\u00fcvenli\u011finin temini,<\/li><li>tedarik zinciri y\u00f6netimi s\u00fcre\u00e7lerinin y\u00fcr\u00fct\u00fclmesi,<\/li><li>lojistik faaliyetlerinin y\u00fcr\u00fct\u00fclmesi,<\/li><li>faaliyetlerin mevzuata uygun y\u00fcr\u00fct\u00fclmesi,<\/li><li>i\u015f sa\u011fl\u0131\u011f\u0131\/g\u00fcvenli\u011fi faaliyetlerinin y\u00fcr\u00fct\u00fclmesi ama\u00e7lar\u0131 ile i\u015flenecektir.<\/li><\/ol><ol><li><strong>Tedarik\u00e7i Yetkilimiz\u00a0<\/strong>\u00a0 \u00a0\u00a0<\/li><\/ol><p>Ger\u00e7ek ki\u015fi tedarik\u00e7ilerimizin veya t\u00fczel ki\u015fi tedarik\u00e7i yetkililerimizin\u00a0<u>kimlik bilgileri<\/u>,\u00a0<u>ileti\u015fim bilgileri<\/u>,\u00a0<u>fiziksel mekan g\u00fcvenli\u011fi bilgileri<\/u>,\u00a0<u>m\u00fc\u015fteri i\u015flemi bilgileri<\/u>,\u00a0<u>finans bilgileri<\/u>,\u00a0<u>pazarlama bilgileri, hukuki i\u015flem bilgileri<strong>;<\/strong><\/u><\/p><ol><li>i\u015f faaliyetlerinin y\u00fcr\u00fct\u00fclmesi\/denetimi,<\/li><li>mal\/hizmet sat\u0131n al\u0131m s\u00fcre\u00e7lerinin y\u00fcr\u00fct\u00fclmesi,<\/li><li>finans ve muhasebe i\u015flerinin y\u00fcr\u00fct\u00fclmesi,<\/li><li>s\u00f6zle\u015fme s\u00fcre\u00e7lerinin y\u00fcr\u00fct\u00fclmesi,<\/li><li>yat\u0131r\u0131m s\u00fcre\u00e7lerinin y\u00fcr\u00fct\u00fclmesi,<\/li><li>fiziksel mekan g\u00fcvenli\u011finin temini,<\/li><li>hukuk i\u015flerinin takibi ve y\u00fcr\u00fct\u00fclmesi ama\u00e7lar\u0131 ile i\u015flenecektir.<\/li><\/ol><ul><li><strong>Ki\u015fisel Verilerinizin Toplanma Y\u00f6ntemleri Nelerdir?<\/strong><\/li><\/ul><p>Yukar\u0131da kategoriler halinde belirtilen ki\u015fisel verileriniz; sipari\u015f formlar\u0131, s\u00f6zle\u015fmeler, ziyaret\u00e7i formlar\u0131 gibi fiziki yollarla veya bilgi sistemleri ve elektronik cihazlar\u00a0<em>(\u00f6r. telekom\u00fcnikasyon altyap\u0131s\u0131, bilgisayar ve telefonlar)<\/em>, \u00fc\u00e7\u00fcnc\u00fc taraflar\u00a0<em>(\u00f6r. KKB ve Findeks)<\/em>, web sitemiz ve ilgili ki\u015fi taraf\u0131ndan beyan edilen di\u011fer belgeler vas\u0131tas\u0131yla otomatik olan veya otomatik olmayan yollarla toplanmaktad\u0131r.<\/p><ul><li><strong>Ki\u015fisel Verilerinizin Toplanmas\u0131n\u0131n Hukuki Sebebi Nedir?<\/strong><\/li><\/ul><p>Ki\u015fisel verileriniz,\u00a0<strong>CEM EREL KALIP TEKNOLOJ\u0130LER\u0130 VE MAK. MET. \u0130TH. \u0130HR. SAN. T\u0130C. LTD. \u015eT\u0130.\u00a0<\/strong>taraf\u0131ndan; yukar\u0131da a\u00e7\u0131klanan ama\u00e7lar\u0131n ger\u00e7ekle\u015ftirilmesi do\u011frultusunda KVKK\u2019n\u0131n 5. maddesinde belirtilmi\u015f olan;<\/p><p><strong>(i)\u00a0<\/strong>Kanunlarda a\u00e7\u0131k\u00e7a \u00f6ng\u00f6r\u00fclmesi,<\/p><p><strong>(ii)<\/strong>\u00a0Bir s\u00f6zle\u015fmenin kurulmas\u0131 veya ifas\u0131yla do\u011frudan do\u011fruya ilgili olmas\u0131 kayd\u0131yla; s\u00f6zle\u015fmenin taraflar\u0131na ait ki\u015fisel verilerin i\u015flenmesinin gerekli olmas\u0131,<\/p><p><strong>(iii)<\/strong>\u00a0Veri sorumlusunun hukuki y\u00fck\u00fcml\u00fcl\u00fc\u011f\u00fcn\u00fc yerine getirebilmesi i\u00e7in zorunlu olmas\u0131,<\/p><p><strong>(iv)<\/strong>\u00a0Bir hakk\u0131n tesisi, kullan\u0131lmas\u0131 veya korunmas\u0131 i\u00e7in veri i\u015flemenin zorunlu olmas\u0131,<\/p><p><strong>(v)<\/strong>\u00a0\u0130lgili ki\u015finin temel hak ve \u00f6zg\u00fcrl\u00fcklerine zarar vermemek kayd\u0131yla, veri sorumlusunun me\u015fru menfaatleri i\u00e7in veri i\u015flenmesinin zorunlu olmas\u0131 hukuki sebeplerine dayan\u0131larak i\u015flenmektedir.<\/p><p><strong>\u00a0<\/strong><\/p><ul><li><strong>Ki\u015fisel Verilerinizi \u00dc\u00e7\u00fcnc\u00fc Bir Ki\u015fiye Aktar\u0131yor Muyuz?\u00a0<\/strong>\u00a0 \u00a0\u00a0<\/li><\/ul><p><strong>\u00a0<\/strong><\/p><ol><li><strong>a) Ziyaret\u00e7ilerimize ait ki\u015fisel veriler,\u00a0<\/strong>hukuki uyu\u015fmazl\u0131klar\u0131n giderilmesi amac\u0131yla ve ilgili mevzuat gere\u011fi talep edilmesi halinde kolluk kuvvetleri ve adli makamlarla payla\u015f\u0131labilecektir.<\/li><\/ol><ol><li><strong>b) \u00c7evrimi\u00e7i ziyaret\u00e7ilerimize ait ki\u015fisel veriler,\u00a0<\/strong>hukuki uyu\u015fmazl\u0131klar\u0131n giderilmesi amac\u0131yla ve ilgili mevzuat gere\u011fi talep edilmesi halinde adli makamlar ve yetkili kamu kurum ve kurulu\u015flar\u0131 ile payla\u015f\u0131labilecektir.<\/li><\/ol><p><strong>\u00a0<\/strong><\/p><ol><li><strong>c) M\u00fc\u015fterilerimize ait ki\u015fisel veriler,\u00a0<\/strong>yasal d\u00fczenlemelerin \u00f6ng\u00f6rd\u00fc\u011f\u00fc kapsamda, faaliyetlerin mevzuata uygun y\u00fcr\u00fct\u00fclmesi, hukuk i\u015flerinin takibi ve y\u00fcr\u00fct\u00fclmesi, yetkili ki\u015fi, kurum ve kurulu\u015flara bilgi verilmesi amac\u0131yla yetkili kamu kurum ve kurulu\u015flar\u0131na; i\u015f faaliyetlerinin y\u00fcr\u00fct\u00fclmesi\/denetimi, risk y\u00f6netimi s\u00fcre\u00e7lerinin y\u00fcr\u00fct\u00fclmesi, hizmetlerimizin gere\u011fi gibi ifa edilebilmesi amac\u0131yla gerekli oldu\u011fu \u00f6l\u00e7\u00fcde topluluk \u015firketlerimize, bili\u015fim \u015firketine, tedarik\u00e7ilere, kargo \u015firketlerine, sigorta \u015firketlerine, bankalara ve mali m\u00fc\u015favirimize aktar\u0131lmaktad\u0131r. Ayr\u0131ca s\u00f6z konusu ki\u015fisel veriler, ileride \u00e7\u0131kabilecek hukuki uyu\u015fmazl\u0131klarda delil olarak kullan\u0131labilmesi amac\u0131yla hizmet ald\u0131\u011f\u0131m\u0131z hukuk b\u00fcrosuna ve adli makamlara aktar\u0131labilecektir.<\/li><\/ol><ol><li><strong>d) Potansiyel m\u00fc\u015fterilerimize ait ki\u015fisel veriler,\u00a0<\/strong>ileride \u00e7\u0131kabilecek hukuki uyu\u015fmazl\u0131klarda delil olarak kullan\u0131labilmesi amac\u0131yla hizmet ald\u0131\u011f\u0131m\u0131z hukuk b\u00fcrosuna ve adli makamlara aktar\u0131labilecektir.<\/li><\/ol><ol><li><strong>e) Tedarik\u00e7i \u00e7al\u0131\u015fan\u0131m\u0131za ait ki\u015fisel veriler,\u00a0<\/strong>yasal d\u00fczenlemenin \u00f6ng\u00f6rd\u00fc\u011f\u00fc kapsamda, faaliyetlerin mevzuata uygun y\u00fcr\u00fct\u00fclmesi, hukuk i\u015flerinin takibi ve y\u00fcr\u00fct\u00fclmesi, yetkili ki\u015fi, kurum ve kurulu\u015flara bilgi verilmesi, i\u015f faaliyetlerinin y\u00fcr\u00fct\u00fclmesi\/denetimi ama\u00e7lar\u0131yla yetkili kamu kurum ve kurulu\u015flar\u0131na; hizmetin gere\u011fi gibi ifa edilebilmesi amac\u0131yla gerekli oldu\u011fu \u00f6l\u00e7\u00fcde topluluk \u015firketlerine, bili\u015fim \u015firketine, tedarik\u00e7ilere, kargo \u015firketlerine, bankalara ve mali m\u00fc\u015favirimize aktar\u0131lmaktad\u0131r. Ayr\u0131ca s\u00f6z konusu ki\u015fisel veriler, ileride \u00e7\u0131kabilecek hukuki uyu\u015fmazl\u0131klarda delil olarak kullan\u0131labilmesi amac\u0131yla hizmet ald\u0131\u011f\u0131m\u0131z hukuk b\u00fcrosuna ve adli makamlara aktar\u0131labilecektir.<\/li><\/ol><ol><li><strong>Tedarik\u00e7i yetkilimize ait ki\u015fisel veriler,\u00a0<\/strong>yasal d\u00fczenlemelerin \u00f6ng\u00f6rd\u00fc\u011f\u00fc kapsamda, faaliyetlerin mevzuata uygun y\u00fcr\u00fct\u00fclmesi, hukuk i\u015flerinin takibi ve y\u00fcr\u00fct\u00fclmesi, yetkili ki\u015fi, kurum ve kurulu\u015flara bilgi verilmesi, i\u015f faaliyetlerinin y\u00fcr\u00fct\u00fclmesi\/denetimi amac\u0131yla yetkili kamu kurum ve kurulu\u015flar\u0131na; hizmetin gere\u011fi gibi ifa edilebilmesi amac\u0131yla gerekli oldu\u011fu \u00f6l\u00e7\u00fcde topluluk \u015firketlerine, bili\u015fim \u015firketine, tedarik\u00e7ilere, kargo \u015firketlerine, bankalara ve mali m\u00fc\u015favirimize aktar\u0131lmaktad\u0131r. Ayr\u0131ca s\u00f6z konusu ki\u015fisel veriler, ileride \u00e7\u0131kabilecek hukuki uyu\u015fmazl\u0131klarda delil olarak kullan\u0131labilmesi amac\u0131yla hizmet ald\u0131\u011f\u0131m\u0131z hukuk b\u00fcrosuna ve adli makamlara aktar\u0131labilecektir.<\/li><\/ol><ul><li><strong>Ki\u015fisel Verilerinizi Yurt D\u0131\u015f\u0131na Aktar\u0131yor Muyuz?\u00a0<\/strong>\u00a0 \u00a0<\/li><\/ul><p><strong>CEM EREL KALIP TEKNOLOJ\u0130LER\u0130 VE MAK. MET. \u0130TH. \u0130HR. SAN. T\u0130C. LTD. \u015eT\u0130.<\/strong>\u00a0 olarak, ki\u015fisel verilerinizi yurt d\u0131\u015f\u0131na aktarmamaktay\u0131z.<\/p><ul><li><strong>Ki\u015fisel Verileriniz \u0130le \u0130lgili Haklar\u0131n\u0131z\u0131 Nas\u0131l Kullanabilirsiniz?<\/strong><strong>\u00a0<\/strong><\/li><\/ul><p>KVKK\u2019n\u0131n ilgili ki\u015filerin haklar\u0131n\u0131 d\u00fczenleyen 11. maddesi kapsam\u0131ndaki taleplerinizi\u00a0<strong>CEM EREL KALIP TEKNOLOJ\u0130LER\u0130 VE MAK. MET. \u0130TH. \u0130HR. SAN. T\u0130C. LTD. \u015eT\u0130.<\/strong>\u2019 ye\u00a0 ait \u201cwww.cemerel.com\u201d adresinde yer alan \u201cVeri Sorumlusuna Ba\u015fvuru Usul ve Esaslar\u0131 Hakk\u0131nda Tebli\u011f\u201d uyar\u0131nca sizlere kolayl\u0131k sa\u011flamas\u0131 ad\u0131na haz\u0131rlanan \u201cVeri Sorumlusuna Ba\u015fvuru Formu\u201d\u00a0 arac\u0131l\u0131\u011f\u0131yla bizlere iletebilirsiniz.<\/p><p><strong>Veri Sorumlusu:<\/strong>\u00a0<strong>CEM EREL KALIP TEKNOLOJ\u0130LER\u0130 VE MAK. MET. \u0130TH. \u0130HR. SAN. T\u0130C. LTD. \u015eT\u0130.<\/strong><\/p><p><strong>Adres:<\/strong>\u00a0\u015eekerp\u0131nar Mah. Marmara Geri D\u00f6n\u00fc\u015f\u00fcmc\u00fcler Koop. Ay\u00e7a Sok. No:22 \u00c7ay\u0131rova KOCAEL\u0130<\/p><p><strong>Mail:<\/strong>\u00a0info@cemerel.com<\/p><\/li><\/ol>\t\t\t\t\t\t\t\t<\/div>\n\t\t\t\t<\/div>\n\t\t\t\t<\/div>\n\t\t\t\t\t<\/div>\n\t\t\t\t<\/div>\n\t\t\t\t<\/div>\n\t\t","protected":false},"excerpt":{"rendered":"<p>Kurumsal Genel Ayd\u0131nlatma Metni K\u0130\u015e\u0130SEL VER\u0130LER\u0130N \u0130\u015eLENMES\u0130NE \u0130L\u0130\u015eK\u0130N KURUMSAL GENEL AYDINLATMA METN\u0130 CEM EREL KALIP TEKNOLOJ\u0130LER\u0130 VE MAK. MET. \u0130TH. \u0130HR. SAN. T\u0130C. LTD. \u015eT\u0130.\u00a0(\u201cCEM EREL\u201d) olarak; 6698 say\u0131l\u0131 Ki\u015fisel Verilerin Korunmas\u0131 Kanunu (\u201cKVKK\u201d) ve ilgili mevzuat ve yasal d\u00fczenlemelerden kaynaklanan faaliyetleri \u00e7er\u00e7evesinde ki\u015fisel verilerinizin i\u015flenmesi, saklanmas\u0131 ve aktar\u0131lmas\u0131na ili\u015fkin siz Ziyaret\u00e7ilerimizi, \u00c7evrimi\u00e7i Ziyaret\u00e7ilerimizi, M\u00fc\u015fterilerimizi, [&hellip;]<\/p>\n","protected":false},"author":1,"featured_media":0,"parent":0,"menu_order":0,"comment_status":"closed","ping_status":"closed","template":"","meta":{"site-sidebar-layout":"no-sidebar","site-content-layout":"page-builder","ast-site-content-layout":"default","site-content-style":"default","site-sidebar-style":"default","ast-global-header-display":"","ast-banner-title-visibility":"","ast-main-header-display":"","ast-hfb-above-header-display":"","ast-hfb-below-header-display":"","ast-hfb-mobile-header-display":"","site-post-title":"disabled","ast-breadcrumbs-content":"disabled","ast-featured-img":"disabled","footer-sml-layout":"","ast-disable-related-posts":"","theme-transparent-header-meta":"enabled","adv-header-id-meta":"","stick-header-meta":"","header-above-stick-meta":"","header-main-stick-meta":"","header-below-stick-meta":"","astra-migrate-meta-layouts":"default","ast-page-background-enabled":"default","ast-page-background-meta":{"desktop":{"background-color":"var(--ast-global-color-4)","background-image":"","background-repeat":"repeat","background-position":"center center","background-size":"auto","background-attachment":"scroll","background-type":"","background-media":"","overlay-type":"","overlay-color":"","overlay-opacity":"","overlay-gradient":""},"tablet":{"background-color":"","background-image":"","background-repeat":"repeat","background-position":"center center","background-size":"auto","background-attachment":"scroll","background-type":"","background-media":"","overlay-type":"","overlay-color":"","overlay-opacity":"","overlay-gradient":""},"mobile":{"background-color":"","background-image":"","background-repeat":"repeat","background-position":"center center","background-size":"auto","background-attachment":"scroll","background-type":"","background-media":"","overlay-type":"","overlay-color":"","overlay-opacity":"","overlay-gradient":""}},"ast-content-background-meta":{"desktop":{"background-color":"var(--ast-global-color-5)","background-image":"","background-repeat":"repeat","background-position":"center center","background-size":"auto","background-attachment":"scroll","background-type":"","background-media":"","overlay-type":"","overlay-color":"","overlay-opacity":"","overlay-gradient":""},"tablet":{"background-color":"var(--ast-global-color-5)","background-image":"","background-repeat":"repeat","background-position":"center center","background-size":"auto","background-attachment":"scroll","background-type":"","background-media":"","overlay-type":"","overlay-color":"","overlay-opacity":"","overlay-gradient":""},"mobile":{"background-color":"var(--ast-global-color-5)","background-image":"","background-repeat":"repeat","background-position":"center center","background-size":"auto","background-attachment":"scroll","background-type":"","background-media":"","overlay-type":"","overlay-color":"","overlay-opacity":"","overlay-gradient":""}},"footnotes":""},"class_list":["post-1125","page","type-page","status-publish","hentry"],"_links":{"self":[{"href":"https:\/\/cemerel.com\/en\/wp-json\/wp\/v2\/pages\/1125","targetHints":{"allow":["GET"]}}],"collection":[{"href":"https:\/\/cemerel.com\/en\/wp-json\/wp\/v2\/pages"}],"about":[{"href":"https:\/\/cemerel.com\/en\/wp-json\/wp\/v2\/types\/page"}],"author":[{"embeddable":true,"href":"https:\/\/cemerel.com\/en\/wp-json\/wp\/v2\/users\/1"}],"replies":[{"embeddable":true,"href":"https:\/\/cemerel.com\/en\/wp-json\/wp\/v2\/comments?post=1125"}],"version-history":[{"count":7,"href":"https:\/\/cemerel.com\/en\/wp-json\/wp\/v2\/pages\/1125\/revisions"}],"predecessor-version":[{"id":1194,"href":"https:\/\/cemerel.com\/en\/wp-json\/wp\/v2\/pages\/1125\/revisions\/1194"}],"wp:attachment":[{"href":"https:\/\/cemerel.com\/en\/wp-json\/wp\/v2\/media?parent=1125"}],"curies":[{"name":"wp","href":"https:\/\/api.w.org\/{rel}","templated":true}]}}