{"id":1115,"date":"2024-11-18T17:16:48","date_gmt":"2024-11-18T17:16:48","guid":{"rendered":"https:\/\/cemerel.com\/en\/?page_id=1115"},"modified":"2025-02-11T09:44:08","modified_gmt":"2025-02-11T09:44:08","slug":"veri-sorumlusuna-basvuru-formu","status":"publish","type":"page","link":"https:\/\/cemerel.com\/en\/veri-sorumlusuna-basvuru-formu\/","title":{"rendered":"Veri Sorumlusuna Ba\u015fvuru Formu"},"content":{"rendered":"\t\t<div data-elementor-type=\"wp-page\" data-elementor-id=\"1115\" class=\"elementor elementor-1115\">\n\t\t\t\t<div class=\"elementor-element elementor-element-1b6161c e-flex e-con-boxed e-con e-parent\" data-id=\"1b6161c\" data-element_type=\"container\" data-e-type=\"container\" data-settings=\"{&quot;background_background&quot;:&quot;slideshow&quot;,&quot;background_slideshow_gallery&quot;:[{&quot;id&quot;:1027,&quot;url&quot;:&quot;https:\\\/\\\/cemerel.com\\\/en\\\/wp-content\\\/uploads\\\/2025\\\/02\\\/banaer2.png&quot;},{&quot;id&quot;:1026,&quot;url&quot;:&quot;https:\\\/\\\/cemerel.com\\\/en\\\/wp-content\\\/uploads\\\/2025\\\/02\\\/banaer1.png&quot;}],&quot;background_slideshow_lazyload&quot;:&quot;yes&quot;,&quot;background_slideshow_ken_burns&quot;:&quot;yes&quot;,&quot;background_slideshow_loop&quot;:&quot;yes&quot;,&quot;background_slideshow_slide_duration&quot;:5000,&quot;background_slideshow_slide_transition&quot;:&quot;fade&quot;,&quot;background_slideshow_transition_duration&quot;:500,&quot;background_slideshow_ken_burns_zoom_direction&quot;:&quot;in&quot;}\">\n\t\t\t\t\t<div class=\"e-con-inner\">\n\t\t<div class=\"elementor-element elementor-element-a621323 e-con-full e-flex e-con e-child\" data-id=\"a621323\" data-element_type=\"container\" data-e-type=\"container\">\n\t\t\t\t<div class=\"elementor-element elementor-element-2ff45f2 elementor-widget elementor-widget-heading\" data-id=\"2ff45f2\" data-element_type=\"widget\" data-e-type=\"widget\" data-widget_type=\"heading.default\">\n\t\t\t\t<div class=\"elementor-widget-container\">\n\t\t\t\t\t<h1 class=\"elementor-heading-title elementor-size-default\">Veri Sorumlusuna Ba\u015fvuru Formu<\/h1>\t\t\t\t<\/div>\n\t\t\t\t<\/div>\n\t\t\t\t<\/div>\n\t\t\t\t\t<\/div>\n\t\t\t\t<\/div>\n\t\t<div class=\"elementor-element elementor-element-3a31dfd e-flex e-con-boxed e-con e-parent\" data-id=\"3a31dfd\" data-element_type=\"container\" data-e-type=\"container\" data-settings=\"{&quot;background_background&quot;:&quot;classic&quot;}\">\n\t\t\t\t\t<div class=\"e-con-inner\">\n\t\t<div class=\"elementor-element elementor-element-d5b2ddf e-con-full e-flex e-con e-child\" data-id=\"d5b2ddf\" data-element_type=\"container\" data-e-type=\"container\">\n\t\t\t\t<div class=\"elementor-element elementor-element-239a3f9 elementor-widget elementor-widget-heading\" data-id=\"239a3f9\" data-element_type=\"widget\" data-e-type=\"widget\" data-widget_type=\"heading.default\">\n\t\t\t\t<div class=\"elementor-widget-container\">\n\t\t\t\t\t<h3 class=\"elementor-heading-title elementor-size-default\">CEM EREL KALIP TEKNOLOJ\u0130LER\u0130 VER\u0130 SORUMLUSUNA BA\u015eVURU FORMU<\/h3>\t\t\t\t<\/div>\n\t\t\t\t<\/div>\n\t\t\t\t<div class=\"elementor-element elementor-element-08977fb elementor-widget elementor-widget-text-editor\" data-id=\"08977fb\" data-element_type=\"widget\" data-e-type=\"widget\" data-widget_type=\"text-editor.default\">\n\t\t\t\t<div class=\"elementor-widget-container\">\n\t\t\t\t\t\t\t\t\t<ol>\n<li style=\"list-style-type: none;\">\n<ol>\n<li><strong>Genel A\u00e7\u0131klamalar&nbsp;<\/strong><\/li>\n<\/ol>\n<p>6698 Say\u0131l\u0131 Ki\u015fisel Verilerin Korunmas\u0131 Kanunu\u2019nda (\u201cKVKK\u201d) ilgili ki\u015fi olarak tan\u0131mlanan ki\u015fisel veri sahiplerine (\u201cBa\u015fvuru Sahibi\u201d) KVKK\u2019n\u0131n 11. maddesi uyar\u0131nca ki\u015fisel verilerinin i\u015flenmesine ili\u015fkin birtak\u0131m taleplerde bulunma hakk\u0131 tan\u0131nm\u0131\u015ft\u0131r.<\/p>\n<p>Ba\u015fvuru formu,&nbsp;<strong>CEM EREL KALIP TEKNOLOJ\u0130LER\u0130 VE MAK. MET. \u0130TH. \u0130HR. SAN. T\u0130C. LTD. \u015eT\u0130.<\/strong>&nbsp;(\u201c<strong>CEM EREL<\/strong>\u201d) ile olan ili\u015fkinizi tespit ederek, varsa,&nbsp;<strong>CEM EREL<\/strong>&nbsp;taraf\u0131ndan i\u015flenen ki\u015fisel verilerinizin eksiksiz olarak belirlenerek, ilgili ba\u015fvurunuza do\u011fru ve kanuni s\u00fcresinde cevap verilebilmesi i\u00e7in haz\u0131rlanm\u0131\u015ft\u0131r. Ki\u015fisel verilerinizin g\u00fcvenli\u011finin sa\u011flanmas\u0131 ve hukuka ayk\u0131r\u0131 veri aktar\u0131m\u0131n\u0131n \u00f6nlenmesi amac\u0131yla, kimlik ve yetki tespiti i\u00e7in&nbsp;<strong>CEM EREL<\/strong>&nbsp; taraf\u0131ndan ek bilgiler istenebilir. Ba\u015fvuru Sahibi taraf\u0131ndan belirtilen bilgilerin do\u011fru ve\/veya g\u00fcncel olmamas\u0131 ya da taleplerin yetkisiz olmas\u0131 halinde, bu &nbsp;hususa ili\u015fkin sorumluluk Ba\u015fvuru Sahibi\u2019nindir.<\/p>\n<p>Veri Sorumlusuna Ba\u015fvuru Usul Ve Esaslar\u0131 Hakk\u0131nda Tebli\u011f\u2019in 7. maddesi uyar\u0131nca Ba\u015fvuru Sahibi\u2019nin ba\u015fvurusuna yaz\u0131l\u0131 olarak cevap verilecekse, on sayfaya kadar \u00fccret al\u0131nmaz. On sayfan\u0131n \u00fczerindeki her sayfa i\u00e7in 1 T\u00fcrk Liras\u0131 i\u015flem \u00fccreti al\u0131nabilir. Ba\u015fvuruya cevab\u0131n CD,&nbsp;flash&nbsp;bellek gibi bir kay\u0131t ortam\u0131nda verilmesi halinde kay\u0131t ortam\u0131n\u0131n maliyeti kadar \u00fccret talep edilebilir.<\/p>\n<ol start=\"2\">\n<li><strong>KVKK\u2019n\u0131n 11. Maddesi \u00c7er\u00e7evesinde Ba\u015fvuru Hakk\u0131n\u0131n Kapsam\u0131<\/strong><\/li>\n<\/ol>\n<p>Ba\u015fvuru Sahibi&nbsp;<strong>CEM EREL<\/strong>\u2019e ba\u015fvurarak a\u015fa\u011f\u0131da yer alan konularda talepte bulunabilir:<\/p>\n<p><strong>1)<\/strong>&nbsp;Ki\u015fisel verilerinin i\u015flenip i\u015flenmedi\u011fini \u00f6\u011frenme,<\/p>\n<p><strong>2)<\/strong>&nbsp;Ki\u015fisel verileri i\u015flenmi\u015fse buna ili\u015fkin bilgi talep etme,<\/p>\n<p><strong>3)<\/strong>&nbsp;Ki\u015fisel verilerinin i\u015flenme amac\u0131 ve bunlar\u0131n amac\u0131na uygun kullan\u0131l\u0131p kullan\u0131lmad\u0131\u011f\u0131n\u0131 \u00f6\u011frenme,<\/p>\n<p><strong>4)<\/strong>&nbsp;Ki\u015fisel verilerinin yurt i\u00e7inde veya yurt d\u0131\u015f\u0131nda aktar\u0131ld\u0131\u011f\u0131 \u00fc\u00e7\u00fcnc\u00fc ki\u015fileri \u00f6\u011frenme,<\/p>\n<p><strong>5)<\/strong>&nbsp;Ki\u015fisel verilerinin eksik veya yanl\u0131\u015f i\u015flenmi\u015f olmas\u0131 h\u00e2linde bunlar\u0131n d\u00fczeltilmesini isteme ve bu kapsamda yap\u0131lan i\u015flemin ki\u015fisel verilerin aktar\u0131ld\u0131\u011f\u0131 \u00fc\u00e7\u00fcnc\u00fc ki\u015filere bildirilmesini isteme,<\/p>\n<p><strong>6)<\/strong>&nbsp;KVKK ve ilgili di\u011fer kanun h\u00fck\u00fcmlerine uygun olarak i\u015flenmi\u015f olmas\u0131na ra\u011fmen, i\u015flenmesini gerektiren sebeplerin ortadan kalkmas\u0131 h\u00e2linde ki\u015fisel verilerinin silinmesini, yok edilmesini veya anonim hale getirilmesini isteme ve bu kapsamda yap\u0131lan i\u015flemin ki\u015fisel verilerinin aktar\u0131ld\u0131\u011f\u0131 \u00fc\u00e7\u00fcnc\u00fc ki\u015filere bildirilmesini isteme,<\/p>\n<p><strong>7)<\/strong>&nbsp;\u0130\u015flenen verilerinin m\u00fcnhas\u0131ran otomatik sistemler vas\u0131tas\u0131yla analiz edilmesi suretiyle aleyhine bir sonucun ortaya \u00e7\u0131kmas\u0131na itiraz etme,<\/p>\n<p><strong>8)<\/strong>&nbsp;Ki\u015fisel verilerinin kanuna ayk\u0131r\u0131 olarak i\u015flenmesi sebebiyle zarara u\u011framas\u0131 h\u00e2linde zarar\u0131n giderilmesini talep etme.<\/p>\n<ol start=\"3\">\n<li><strong>Ba\u015fvuru Y\u00f6ntemi&nbsp;<\/strong><\/li>\n<\/ol>\n<p>KVKK\u2019n\u0131n 13. maddesinin birinci f\u0131kras\u0131 uyar\u0131nca; bu haklara ili\u015fkin olarak yap\u0131lacak ba\u015fvurular\u0131n yaz\u0131l\u0131 ve imzal\u0131 olarak veya Ki\u015fisel Verilerin Korunmas\u0131 Kurulu (\u201cKurul\u201d) taraf\u0131ndan belirlenen di\u011fer y\u00f6ntemlerle taraf\u0131m\u0131za iletilmesi gerekmektedir.<\/p>\n<p>Bu \u00e7er\u00e7evede yaz\u0131l\u0131 olarak yap\u0131lacak ba\u015fvurular, i\u015fbu formun \u00e7\u0131kt\u0131s\u0131 al\u0131narak;<\/p>\n<ul>\n<li>Ba\u015fvuru Sahibinin \u015fahsen elden ba\u015fvurusu ile,<\/li>\n<li>Noter vas\u0131tas\u0131yla,<\/li>\n<li>Kay\u0131tl\u0131 elektronik posta (KEP) adresi, g\u00fcvenli elektronik imza, mobil imza ile veya<\/li>\n<li>Ba\u015fvuru Sahibinin taraf\u0131m\u0131za daha \u00f6nce bildirdi\u011fi ve sistemimizde kay\u0131tl\u0131 bulunan<\/li>\n<\/ul>\n<p>elektronik posta adresinden g\u00f6nderece\u011fi e-mail ile taraf\u0131m\u0131za iletilebilecektir.<\/p>\n<p>A\u015fa\u011f\u0131da, yaz\u0131l\u0131 ba\u015fvurular\u0131n ne \u015fekilde taraf\u0131m\u0131za ula\u015ft\u0131r\u0131laca\u011f\u0131na ili\u015fkin yaz\u0131l\u0131 ba\u015fvuru<\/p>\n<p>kanallar\u0131 \u00f6zelinde bilgiler verilmektedir.<\/p>\n<table width=\"614\">\n<tbody>\n<tr>\n<td width=\"198\"><strong>Ba\u015fvuru Y\u00f6ntemi<\/strong><\/td>\n<td width=\"208\">\n<p><strong>Ba\u015fvuru G\u00f6nderiminde<\/strong><\/p>\n<p><strong>Belirtilecek Bilgi<\/strong><\/p>\n<\/td>\n<td width=\"208\">\n<p><strong>Ba\u015fvurunun Yap\u0131laca\u011f\u0131<\/strong><\/p>\n<p><strong>Adres<\/strong><\/p>\n<\/td>\n<\/tr>\n<tr>\n<td width=\"198\">\n<p>\u015eahsen Ba\u015fvuru (Ba\u015fvuru<\/p>\n<p>sahibinin bizzat gelerek<\/p>\n<p>kimli\u011fini tespit edici belge<\/p>\n<p>ile ba\u015fvurmas\u0131)<\/p>\n<\/td>\n<td width=\"208\">\n<p>Zarf\u0131n \u00fczerine \u201cKi\u015fisel<\/p>\n<p>Verilerin Korunmas\u0131 Kanunu<\/p>\n<p>Kapsam\u0131nda Bilgi Talebi\u201d<\/p>\n<p>yaz\u0131lacakt\u0131r.<\/p>\n<\/td>\n<td width=\"208\">\u015eekerp\u0131nar Mah. Marmara Geri D\u00f6n\u00fc\u015f\u00fcmc\u00fcler Koop. Ay\u00e7a Sok. No:22 \u00c7ay\u0131rova KOCAEL\u0130<\/td>\n<\/tr>\n<tr>\n<td width=\"198\">Noter vas\u0131tas\u0131yla tebligat<\/td>\n<td width=\"208\">\n<p>Tebligat zarf\u0131na \u201cKi\u015fisel<\/p>\n<p>Verilerin Korunmas\u0131 Kanunu<\/p>\n<p>Kapsam\u0131nda Bilgi Talebi\u201d<\/p>\n<p>yaz\u0131lacakt\u0131r.<\/p>\n<\/td>\n<td width=\"208\">\u015eekerp\u0131nar Mah. Marmara Geri D\u00f6n\u00fc\u015f\u00fcmc\u00fcler Koop. Ay\u00e7a Sok. No:22 \u00c7ay\u0131rova KOCAEL\u0130<\/td>\n<\/tr>\n<tr>\n<td width=\"198\">\n<p>\u201cG\u00fcvenli eloktronik imza\u201d ile imzalanarak Kay\u0131tl\u0131<\/p>\n<p>Elektronik Posta (KEP)<\/p>\n<p>Yoluyla<\/p>\n<\/td>\n<td width=\"208\">\n<p>E-posta\u2019n\u0131n konu k\u0131sm\u0131na<\/p>\n<p>\u201cKi\u015fisel Verilerin Korunmas\u0131<\/p>\n<p>Kanunu Bilgi Talebi\u201d<\/p>\n<p>yaz\u0131lacakt\u0131r.<\/p>\n<\/td>\n<td width=\"208\">\n<p><strong>&nbsp;<\/strong><\/p>\n<p><strong>cemerelkalipteknolojileri@hs01.kep.tr<\/strong><\/p>\n<p><strong>&nbsp;<\/strong><\/p>\n<\/td>\n<\/tr>\n<tr>\n<td width=\"198\">\n<p>Mobil \u0130mza ya da E-posta \u0130le Ba\u015fvuru [\u0130lgili ki\u015fi taraf\u0131ndan veri sorumlusuna daha \u00f6nce bildirilen ve veri<\/p>\n<p>sorumlusunun sisteminde<\/p>\n<p>kay\u0131tl\u0131 bulunan elektronik<\/p>\n<p>posta adresini kullanmak<\/p>\n<p>suretiyle]<\/p>\n<\/td>\n<td width=\"208\">\n<p>E-posta\u2019n\u0131n konu k\u0131sm\u0131na<\/p>\n<p>\u201cKi\u015fisel Verilerin Korunmas\u0131<\/p>\n<p>Kanunu Bilgi Talebi\u201d<\/p>\n<\/td>\n<td width=\"208\">\n<p>info@cemerel.com<\/p>\n<\/td>\n<\/tr>\n<\/tbody>\n<\/table>\n<p><strong>CEM EREL<\/strong>, Ba\u015fvuru Sahibi taraf\u0131ndan e-mail yolu ile yap\u0131lacak ba\u015fvurularda Ba\u015fvuru Sahibinin kimli\u011fini do\u011frulamak i\u00e7in ek bilgiler talep edebilecek, gerekli \u00f6nlemleri alabilecektir.<\/p>\n<p>Taraf\u0131m\u0131za iletilmi\u015f olan ba\u015fvurular\u0131n\u0131z KVKK\u2019n\u0131n 13. maddesinin ikinci f\u0131kras\u0131 gere\u011fince, talebin niteli\u011fine g\u00f6re talebinizin tebli\u011fi veya ula\u015ft\u0131\u011f\u0131 tarihten itibaren otuz g\u00fcn i\u00e7inde yaz\u0131l\u0131 veya elektronik ortamda cevap verilecektir.<\/p>\n<ol start=\"4\">\n<li><strong>Kimlik ve \u0130leti\u015fim Bilgileriniz&nbsp;<\/strong><\/li>\n<\/ol>\n<p><strong>&nbsp;<\/strong><\/p>\n<ol>\n<li><strong>Ba\u015fvuru Sahibi \u0130leti\u015fim Bilgileri<\/strong><\/li>\n<\/ol>\n<p><strong>&nbsp;<\/strong><\/p>\n<table>\n<tbody>\n<tr>\n<td width=\"302\"><strong>Ad<\/strong><\/td>\n<td width=\"302\">&nbsp;<\/td>\n<\/tr>\n<tr>\n<td width=\"302\"><strong>Soyad<\/strong><\/td>\n<td width=\"302\">&nbsp;<\/td>\n<\/tr>\n<tr>\n<td width=\"302\"><strong>Tc Kimlik No \/ Pasaport No (yabanc\u0131 ise)<\/strong><\/td>\n<td width=\"302\">&nbsp;<\/td>\n<\/tr>\n<tr>\n<td width=\"302\"><strong>Telefon<\/strong><\/td>\n<td width=\"302\">&nbsp;<\/td>\n<\/tr>\n<tr>\n<td width=\"302\"><strong>E Posta<\/strong><\/td>\n<td width=\"302\">&nbsp;<\/td>\n<\/tr>\n<tr>\n<td width=\"302\"><strong>\u0130kamet veya \u0130\u015fyeri Adresi<\/strong><\/td>\n<td width=\"302\">&nbsp;<\/td>\n<\/tr>\n<\/tbody>\n<\/table>\n<ol>\n<li><strong>L\u00fctfen&nbsp;<\/strong><strong>CEM EREL ile olan ili\u015fkinizi belirtiniz.&nbsp;<\/strong>(Ziyaret\u00e7i, M\u00fc\u015fteri, \u0130\u015f orta\u011f\u0131 \u00e7al\u0131\u015fan, \u00e7al\u0131\u015fan aday\u0131, eski \u00e7al\u0131\u015fan, \u00fc\u00e7\u00fcnc\u00fc taraf firma \u00e7al\u0131\u015fan\u0131, hissedar gibi)<\/li>\n<\/ol>\n<table>\n<tbody>\n<tr>\n<td width=\"302\">\n<p>\udbc0\udc00 Ziyaret\u00e7i<\/p>\n<p>\udbc0\udc00 M\u00fc\u015fteri<\/p>\n<p>\udbc0\udc00 \u0130\u015f orta\u011f\u0131<\/p>\n<\/td>\n<td width=\"302\">\n<p>\udbc0\udc00 \u00c7al\u0131\u015fan<\/p>\n<p>\udbc0\udc00 \u00c7al\u0131\u015fan aday\u0131<\/p>\n<p>\udbc0\udc00 Eski \u00c7al\u0131\u015fan<\/p>\n<p>\udbc0\udc00 Di\u011fer<\/p>\n<p>:\u2026\u2026\u2026\u2026\u2026\u2026\u2026\u2026\u2026\u2026\u2026\u2026\u2026\u2026<\/p>\n<\/td>\n<\/tr>\n<tr>\n<td colspan=\"2\" width=\"604\">\n<p>\u015eirketimiz i\u00e7erisinde ileti\u015fimde oldu\u011funuz<\/p>\n<p>Birim:\u2026\u2026\u2026\u2026\u2026\u2026\u2026.\u2026\u2026\u2026\u2026\u2026\u2026\u2026\u2026\u2026\u2026\u2026\u2026\u2026\u2026\u2026\u2026\u2026\u2026\u2026\u2026\u2026\u2026<\/p>\n<p>Konu:\u2026\u2026\u2026\u2026\u2026\u2026\u2026\u2026\u2026\u2026\u2026\u2026\u2026\u2026..\u2026\u2026\u2026\u2026\u2026\u2026\u2026\u2026\u2026\u2026\u2026\u2026\u2026\u2026.\u2026\u2026\u2026\u2026\u2026\u2026\u2026<\/p>\n<p>\u2026\u2026\u2026\u2026\u2026\u2026\u2026\u2026\u2026\u2026\u2026\u2026\u2026\u2026\u2026\u2026\u2026\u2026<\/p>\n<\/td>\n<\/tr>\n<\/tbody>\n<\/table>\n<ol start=\"5\">\n<li><strong>Talep Konusu&nbsp;<\/strong><\/li>\n<\/ol>\n<p><strong>L\u00fctfen KVKK kapsam\u0131ndaki talebinizi detayl\u0131 olarak belirtiniz:<\/strong><\/p>\n<table>\n<tbody>\n<tr>\n<td width=\"604\">&nbsp;<\/td>\n<\/tr>\n<\/tbody>\n<\/table>\n<p><strong>Ba\u015fvuru Sahibi<\/strong><\/p>\n<p><strong>Ad\u0131 Soyad\u0131:<\/strong><\/p>\n<p><strong>\u0130mza (yaz\u0131l\u0131 ba\u015fvuru ise):<\/strong><\/p>\n<\/li>\n<\/ol>\t\t\t\t\t\t\t\t<\/div>\n\t\t\t\t<\/div>\n\t\t\t\t<\/div>\n\t\t\t\t\t<\/div>\n\t\t\t\t<\/div>\n\t\t\t\t<\/div>\n\t\t","protected":false},"excerpt":{"rendered":"<p>Veri Sorumlusuna Ba\u015fvuru Formu CEM EREL KALIP TEKNOLOJ\u0130LER\u0130 VER\u0130 SORUMLUSUNA BA\u015eVURU FORMU Genel A\u00e7\u0131klamalar&nbsp; 6698 Say\u0131l\u0131 Ki\u015fisel Verilerin Korunmas\u0131 Kanunu\u2019nda (\u201cKVKK\u201d) ilgili ki\u015fi olarak tan\u0131mlanan ki\u015fisel veri sahiplerine (\u201cBa\u015fvuru Sahibi\u201d) KVKK\u2019n\u0131n 11. maddesi uyar\u0131nca ki\u015fisel verilerinin i\u015flenmesine ili\u015fkin birtak\u0131m taleplerde bulunma hakk\u0131 tan\u0131nm\u0131\u015ft\u0131r. Ba\u015fvuru formu,&nbsp;CEM EREL KALIP TEKNOLOJ\u0130LER\u0130 VE MAK. MET. \u0130TH. \u0130HR. SAN. T\u0130C. [&hellip;]<\/p>\n","protected":false},"author":1,"featured_media":0,"parent":0,"menu_order":0,"comment_status":"closed","ping_status":"closed","template":"","meta":{"site-sidebar-layout":"no-sidebar","site-content-layout":"page-builder","ast-site-content-layout":"default","site-content-style":"default","site-sidebar-style":"default","ast-global-header-display":"","ast-banner-title-visibility":"","ast-main-header-display":"","ast-hfb-above-header-display":"","ast-hfb-below-header-display":"","ast-hfb-mobile-header-display":"","site-post-title":"disabled","ast-breadcrumbs-content":"disabled","ast-featured-img":"disabled","footer-sml-layout":"","ast-disable-related-posts":"","theme-transparent-header-meta":"enabled","adv-header-id-meta":"","stick-header-meta":"","header-above-stick-meta":"","header-main-stick-meta":"","header-below-stick-meta":"","astra-migrate-meta-layouts":"default","ast-page-background-enabled":"default","ast-page-background-meta":{"desktop":{"background-color":"var(--ast-global-color-4)","background-image":"","background-repeat":"repeat","background-position":"center center","background-size":"auto","background-attachment":"scroll","background-type":"","background-media":"","overlay-type":"","overlay-color":"","overlay-opacity":"","overlay-gradient":""},"tablet":{"background-color":"","background-image":"","background-repeat":"repeat","background-position":"center center","background-size":"auto","background-attachment":"scroll","background-type":"","background-media":"","overlay-type":"","overlay-color":"","overlay-opacity":"","overlay-gradient":""},"mobile":{"background-color":"","background-image":"","background-repeat":"repeat","background-position":"center center","background-size":"auto","background-attachment":"scroll","background-type":"","background-media":"","overlay-type":"","overlay-color":"","overlay-opacity":"","overlay-gradient":""}},"ast-content-background-meta":{"desktop":{"background-color":"var(--ast-global-color-5)","background-image":"","background-repeat":"repeat","background-position":"center center","background-size":"auto","background-attachment":"scroll","background-type":"","background-media":"","overlay-type":"","overlay-color":"","overlay-opacity":"","overlay-gradient":""},"tablet":{"background-color":"var(--ast-global-color-5)","background-image":"","background-repeat":"repeat","background-position":"center center","background-size":"auto","background-attachment":"scroll","background-type":"","background-media":"","overlay-type":"","overlay-color":"","overlay-opacity":"","overlay-gradient":""},"mobile":{"background-color":"var(--ast-global-color-5)","background-image":"","background-repeat":"repeat","background-position":"center center","background-size":"auto","background-attachment":"scroll","background-type":"","background-media":"","overlay-type":"","overlay-color":"","overlay-opacity":"","overlay-gradient":""}},"footnotes":""},"class_list":["post-1115","page","type-page","status-publish","hentry"],"_links":{"self":[{"href":"https:\/\/cemerel.com\/en\/wp-json\/wp\/v2\/pages\/1115","targetHints":{"allow":["GET"]}}],"collection":[{"href":"https:\/\/cemerel.com\/en\/wp-json\/wp\/v2\/pages"}],"about":[{"href":"https:\/\/cemerel.com\/en\/wp-json\/wp\/v2\/types\/page"}],"author":[{"embeddable":true,"href":"https:\/\/cemerel.com\/en\/wp-json\/wp\/v2\/users\/1"}],"replies":[{"embeddable":true,"href":"https:\/\/cemerel.com\/en\/wp-json\/wp\/v2\/comments?post=1115"}],"version-history":[{"count":10,"href":"https:\/\/cemerel.com\/en\/wp-json\/wp\/v2\/pages\/1115\/revisions"}],"predecessor-version":[{"id":1200,"href":"https:\/\/cemerel.com\/en\/wp-json\/wp\/v2\/pages\/1115\/revisions\/1200"}],"wp:attachment":[{"href":"https:\/\/cemerel.com\/en\/wp-json\/wp\/v2\/media?parent=1115"}],"curies":[{"name":"wp","href":"https:\/\/api.w.org\/{rel}","templated":true}]}}