{"id":1105,"date":"2024-11-18T17:16:48","date_gmt":"2024-11-18T17:16:48","guid":{"rendered":"https:\/\/cemerel.com\/en\/?page_id=1105"},"modified":"2025-02-11T09:54:11","modified_gmt":"2025-02-11T09:54:11","slug":"cerez-politikasi","status":"publish","type":"page","link":"https:\/\/cemerel.com\/en\/cerez-politikasi\/","title":{"rendered":"\u00c7erez Politikas\u0131"},"content":{"rendered":"\t\t<div data-elementor-type=\"wp-page\" data-elementor-id=\"1105\" class=\"elementor elementor-1105\">\n\t\t\t\t<div class=\"elementor-element elementor-element-1b6161c e-flex e-con-boxed e-con e-parent\" data-id=\"1b6161c\" data-element_type=\"container\" data-e-type=\"container\" data-settings=\"{&quot;background_background&quot;:&quot;slideshow&quot;,&quot;background_slideshow_gallery&quot;:[{&quot;id&quot;:1027,&quot;url&quot;:&quot;https:\\\/\\\/cemerel.com\\\/en\\\/wp-content\\\/uploads\\\/2025\\\/02\\\/banaer2.png&quot;},{&quot;id&quot;:1026,&quot;url&quot;:&quot;https:\\\/\\\/cemerel.com\\\/en\\\/wp-content\\\/uploads\\\/2025\\\/02\\\/banaer1.png&quot;}],&quot;background_slideshow_lazyload&quot;:&quot;yes&quot;,&quot;background_slideshow_ken_burns&quot;:&quot;yes&quot;,&quot;background_slideshow_loop&quot;:&quot;yes&quot;,&quot;background_slideshow_slide_duration&quot;:5000,&quot;background_slideshow_slide_transition&quot;:&quot;fade&quot;,&quot;background_slideshow_transition_duration&quot;:500,&quot;background_slideshow_ken_burns_zoom_direction&quot;:&quot;in&quot;}\">\n\t\t\t\t\t<div class=\"e-con-inner\">\n\t\t<div class=\"elementor-element elementor-element-a621323 e-con-full e-flex e-con e-child\" data-id=\"a621323\" data-element_type=\"container\" data-e-type=\"container\">\n\t\t\t\t<div class=\"elementor-element elementor-element-2ff45f2 elementor-widget elementor-widget-heading\" data-id=\"2ff45f2\" data-element_type=\"widget\" data-e-type=\"widget\" data-widget_type=\"heading.default\">\n\t\t\t\t<div class=\"elementor-widget-container\">\n\t\t\t\t\t<h1 class=\"elementor-heading-title elementor-size-default\">\u00c7erez Politikas\u0131<\/h1>\t\t\t\t<\/div>\n\t\t\t\t<\/div>\n\t\t\t\t<\/div>\n\t\t\t\t\t<\/div>\n\t\t\t\t<\/div>\n\t\t<div class=\"elementor-element elementor-element-3a31dfd e-flex e-con-boxed e-con e-parent\" data-id=\"3a31dfd\" data-element_type=\"container\" data-e-type=\"container\" data-settings=\"{&quot;background_background&quot;:&quot;classic&quot;}\">\n\t\t\t\t\t<div class=\"e-con-inner\">\n\t\t<div class=\"elementor-element elementor-element-d5b2ddf e-con-full e-flex e-con e-child\" data-id=\"d5b2ddf\" data-element_type=\"container\" data-e-type=\"container\">\n\t\t\t\t<div class=\"elementor-element elementor-element-08977fb elementor-widget elementor-widget-text-editor\" data-id=\"08977fb\" data-element_type=\"widget\" data-e-type=\"widget\" data-widget_type=\"text-editor.default\">\n\t\t\t\t<div class=\"elementor-widget-container\">\n\t\t\t\t\t\t\t\t\t<div class=\"elementor-element elementor-element-e691146 elementor-widget elementor-widget-text-editor\" data-id=\"e691146\" data-element_type=\"widget\" data-widget_type=\"text-editor.default\"><div class=\"elementor-widget-container\"><p><strong>CEM EREL KALIP TEKNOLOJ\u0130LER\u0130 VE MAK. MET. \u0130TH. \u0130HR. SAN. T\u0130C. LTD. \u015eT\u0130.<\/strong>\u00a0olarak internet sitelerimizden en verimli \u015fekilde faydalanabilmeniz ve kullan\u0131c\u0131 deneyiminizi geli\u015ftirebilmek i\u00e7in \u00e7erezler kullanmaktay\u0131z. \u00c7erez kullan\u0131lmas\u0131n\u0131 tercih etmezseniz taray\u0131c\u0131n\u0131z\u0131n ayarlar\u0131ndan veya a\u015fa\u011f\u0131daki detayl\u0131 \u00e7erez kald\u0131r\u0131m a\u00e7\u0131klamas\u0131ndan \u00e7erezleri silebilir ya da engelleyebilirsiniz. Ancak bunun internet sitelerimizin kullan\u0131m\u0131n\u0131z\u0131 etkileyebilece\u011fini hat\u0131rlatmak isteriz. Taray\u0131c\u0131n\u0131zdan \u00e7erez ayarlar\u0131n\u0131z\u0131 de\u011fi\u015ftirmedi\u011finiz s\u00fcrece internet sitelerimizde \u00e7erez kullan\u0131m\u0131n\u0131 kabul etti\u011finizi varsayaca\u011f\u0131z. Toplanan verilerle ilgili d\u00fczenlemelere internet sitelerimizde yer alan Ayd\u0131nlatma Metninden ula\u015fabilirsiniz.<\/p><p>\u00c7erezlerimiz, internet sitelerimizi kullanman\u0131z s\u0131ras\u0131nda size ki\u015fiselle\u015ftirilmi\u015f bir deneyim sunmak, hizmetlerimizi geli\u015ftirmek ve deneyiminizi iyile\u015ftirmek i\u00e7in kullan\u0131l\u0131r.<\/p><p>\u00c7erezler kullan\u0131m ama\u00e7 ve \u015fekillerine g\u00f6re farkl\u0131 ba\u015fl\u0131klarda de\u011ferlendirilebilirler. Bu ba\u015fl\u0131klardan baz\u0131lar\u0131 a\u015fa\u011f\u0131da a\u00e7\u0131klanm\u0131\u015ft\u0131r;<\/p><p><strong>Oturum \u00e7erezleri:\u00a0<\/strong>Ge\u00e7ici \u00e7erezlerdir, taray\u0131c\u0131n\u0131z\u0131 kapatt\u0131\u011f\u0131n\u0131zda silinirler, yani kal\u0131c\u0131 de\u011fillerdir. Sitelerimizin ve sizin, ziyaretinizde g\u00fcvenli\u011fini, s\u00fcreklili\u011fini sa\u011flamak gibi ama\u00e7larla kullan\u0131l\u0131rlar.<\/p><p><strong>Kal\u0131c\u0131 \u00e7erezler:<\/strong>\u00a0Sizin bir hareketinizle ya da \u00e7erezin i\u00e7erisindeki s\u00fcre aral\u0131\u011f\u0131 sona erene kadar taray\u0131c\u0131n\u0131z\u0131n alt klas\u00f6rlerinde tutulurlar. Bu \u00e7erezler sizin bilgilerinizi ve se\u00e7imlerinizi bir sonraki ziyaretinizde internet sitemizin hat\u0131rlamas\u0131na yard\u0131mc\u0131 olurlar.<\/p><p><strong>Birinci ve \u00fc\u00e7\u00fcnc\u00fc ki\u015fi \u00e7erezler:<\/strong>\u00a0Birinci ki\u015fi \u00e7erezler sitemiz taraf\u0131ndan kullan\u0131lan \u00e7erezlerdir. \u00dc\u00e7\u00fcnc\u00fc ki\u015fi \u00e7erezler ise sitemiz haricinde bilgisayar\u0131n\u0131za kurulan \u00e7erezlerdir.<\/p><p><strong>Zorunlu \u00e7erezler:<\/strong>\u00a0www.cemerel.com\u00a0internet sitelerinin d\u00fczg\u00fcn \u015fekilde \u00e7al\u0131\u015fabilmesi i\u00e7in, \u00f6zelliklerinin d\u00fczg\u00fcn \u015fekilde sunulabilmesi amac\u0131yla kurulan anonim nitelikte \u00e7erezlerdir.<\/p><p><strong>\u0130\u015flevsel ve analitik \u00e7erezler:<\/strong>\u00a0Tercihlerinizin hat\u0131rlanmas\u0131 ve gezinme deneyiminizi geli\u015ftirmemize yarayan i\u015flevsel \u00e7erezler ve hangi sayfalar\u0131m\u0131z\u0131n daha fazla ilgi \u00e7ekti\u011fini, hangi kaynaklar\u0131n daha \u00e7ok g\u00f6r\u00fcnt\u00fclendi\u011fini g\u00f6rmemize yarayan, sitelerimizdeki trafi\u011fi g\u00f6rerek bu trafi\u011fe uygun hizmet sa\u011flamam\u0131z\u0131 sa\u011flayan analitik \u00e7erezler kullan\u0131lmaktad\u0131r. Bu nitelikte \u00e7erezler de anonimdir.<\/p><p><strong>CEM EREL KALIP TEKNOLOJ\u0130LER\u0130 VE MAK. MET. \u0130TH. \u0130HR. SAN. T\u0130C. LTD. \u015eT\u0130.<\/strong>\u2019 nin, internet sitesin de oturum \u00e7erezleri, zorunlu \u00e7erezler, kal\u0131c\u0131 \u00e7erezler ile i\u015flevsel ve analitik \u00e7erezleri kullanmaktad\u0131r.<\/p><p>Kullan\u0131c\u0131 internet taray\u0131c\u0131lar\u0131n\u0131n \u201cyard\u0131m\u201d dosyas\u0131nda verilen talimatlar\u0131 izleyerek veya \u201d\u00a0www.allaboutcookies.org\u00a0\u201d veya \u201cwww.youronlinechoices.eu\u00a0\u201d adresini ziyaret ederek kal\u0131c\u0131 \u00e7erezleri kald\u0131rabilir ve hem oturum \u00e7erezlerini hem de kal\u0131c\u0131 \u00e7erezleri reddedebilir. Kullan\u0131c\u0131 kal\u0131c\u0131 \u00e7erezleri veya oturum \u00e7erezlerini reddetmesi halinde, s\u00f6z konusu web sitesini, veya mobil webi kullanmaya devam edebilir, fakat s\u00f6z konusu mecralar\u0131n t\u00fcm i\u015flevlerine eri\u015femeyebilir veya eri\u015fimi s\u0131n\u0131rl\u0131 olabilir.<\/p><p><strong>\u00c7erezler nas\u0131l silinir?<\/strong><\/p><p>\u00c7erezlerin \u00e7o\u011funun silinmesi kolayd\u0131r.\u00a0Sadece taray\u0131c\u0131n\u0131z\u0131 se\u00e7in ve talimatlar\u0131 izleyin.<\/p><h4>Chrome<\/h4><ol><li>Klavyenizde Ctrl + Shift + Delete tu\u015flar\u0131na bas\u0131n.<\/li><li>Bir zaman aral\u0131\u011f\u0131 se\u00e7in.\u00a0 \u00a0 \u00a0 \u00a0 \u00a0 \u00a0 \u00a0 \u00a0 \u00a0 \u00a0 \u00a0 \u00a0 \u00a0 \u00a0 \u00a0 \u00a0\u00a0<\/li><li>\u2018\u00c7erezler ve di\u011fer site verileri\u2019 onay kutusunu se\u00e7in.<\/li><li>\u201cVerileri temizle\u201d d\u00fc\u011fmesini t\u0131klay\u0131n.<\/li><\/ol><\/div><\/div><div class=\"elementor-element elementor-element-f8f7cac elementor-widget elementor-widget-image\" data-id=\"f8f7cac\" data-element_type=\"widget\" data-widget_type=\"image.default\"><div class=\"elementor-widget-container\"><img fetchpriority=\"high\" decoding=\"async\" class=\"attachment-large size-large wp-image-1919\" src=\"https:\/\/cemerel.com\/en\/wp-content\/uploads\/2024\/02\/crome.jpg\" sizes=\"(max-width: 521px) 100vw, 521px\" srcset=\"https:\/\/cemerel.com\/en\/wp-content\/uploads\/2024\/02\/crome.jpg 521w, https:\/\/cemerel.com\/en\/wp-content\/uploads\/2024\/02\/crome-280x300.jpg 280w\" alt=\"\" width=\"521\" height=\"559\" \/><\/div><\/div><div class=\"elementor-element elementor-element-111514d elementor-widget elementor-widget-text-editor\" data-id=\"111514d\" data-element_type=\"widget\" data-widget_type=\"text-editor.default\"><div class=\"elementor-widget-container\"><h4>Fire fox<\/h4><ol><li>Klavyenizde Ctrl + Shift + Delete tu\u015flar\u0131na bas\u0131n.<\/li><li>Temizlenecek bir zaman aral\u0131\u011f\u0131 se\u00e7in.<\/li><li>\u2018\u00c7erezler\u2019 onay kutusunu se\u00e7in.<\/li><li>\u201c\u015eimdi temizle\u201d d\u00fc\u011fmesini t\u0131klay\u0131n.<\/li><\/ol><\/div><\/div><div class=\"elementor-element elementor-element-1b345eb elementor-widget elementor-widget-image\" data-id=\"1b345eb\" data-element_type=\"widget\" data-widget_type=\"image.default\"><div class=\"elementor-widget-container\"><img decoding=\"async\" class=\"attachment-large size-large wp-image-1920\" src=\"https:\/\/cemerel.com\/en\/wp-content\/uploads\/2024\/02\/firefox.jpg\" sizes=\"(max-width: 415px) 100vw, 415px\" srcset=\"https:\/\/cemerel.com\/en\/wp-content\/uploads\/2024\/02\/firefox.jpg 415w, https:\/\/cemerel.com\/en\/wp-content\/uploads\/2024\/02\/firefox-300x296.jpg 300w\" alt=\"\" width=\"415\" height=\"410\" \/><\/div><\/div><div class=\"elementor-element elementor-element-81e8ac2 elementor-widget elementor-widget-text-editor\" data-id=\"81e8ac2\" data-element_type=\"widget\" data-widget_type=\"text-editor.default\"><div class=\"elementor-widget-container\"><p><strong>Safari<\/strong><\/p><ol><li>Safari men\u00fcs\u00fcnden Tercihler\u2019 i se\u00e7in.<\/li><li>Gizlilik sekmesine gidin.<\/li><li>\u2018Web sitesi verilerini y\u00f6net\u2019 i t\u0131klay\u0131n.<\/li><li>\u2018T\u00fcm\u00fcn\u00fc Kald\u0131r\u2019 \u0131 t\u0131klay\u0131n.<\/li><\/ol><\/div><\/div><div class=\"elementor-element elementor-element-90249a9 elementor-widget elementor-widget-image\" data-id=\"90249a9\" data-element_type=\"widget\" data-widget_type=\"image.default\"><div class=\"elementor-widget-container\"><img decoding=\"async\" class=\"attachment-large size-large wp-image-1921\" src=\"https:\/\/cemerel.com\/en\/wp-content\/uploads\/2024\/02\/safari.jpg\" sizes=\"(max-width: 600px) 100vw, 600px\" srcset=\"https:\/\/cemerel.com\/en\/wp-content\/uploads\/2024\/02\/safari.jpg 600w, https:\/\/cemerel.com\/en\/wp-content\/uploads\/2024\/02\/safari-300x196.jpg 300w\" alt=\"\" width=\"600\" height=\"391\" \/><\/div><\/div><div class=\"elementor-element elementor-element-92e7475 elementor-widget elementor-widget-text-editor\" data-id=\"92e7475\" data-element_type=\"widget\" data-widget_type=\"text-editor.default\"><div class=\"elementor-widget-container\"><h4>Edge<\/h4><ol><li>Klavyenizde Ctrl + Shift + Delete tu\u015flar\u0131na bas\u0131n.<\/li><li>\u2018\u00c7erezler ve kaydedilmi\u015f web sitesi verileri\u2019 onay kutusunu se\u00e7in.<\/li><li>\u201cTemizle\u201d d\u00fc\u011fmesini t\u0131klay\u0131n.<\/li><\/ol><\/div><\/div><div class=\"elementor-element elementor-element-d5df015 elementor-widget elementor-widget-image\" data-id=\"d5df015\" data-element_type=\"widget\" data-widget_type=\"image.default\"><div class=\"elementor-widget-container\"><img loading=\"lazy\" decoding=\"async\" class=\"attachment-large size-large wp-image-1922\" src=\"https:\/\/cemerel.com\/en\/wp-content\/uploads\/2024\/02\/edge.jpg\" sizes=\"(max-width: 370px) 100vw, 370px\" srcset=\"https:\/\/cemerel.com\/en\/wp-content\/uploads\/2024\/02\/edge.jpg 370w, https:\/\/cemerel.com\/en\/wp-content\/uploads\/2024\/02\/edge-159x300.jpg 159w\" alt=\"\" width=\"370\" height=\"697\" \/><\/div><\/div><div class=\"elementor-element elementor-element-f3cdc8a elementor-widget elementor-widget-text-editor\" data-id=\"f3cdc8a\" data-element_type=\"widget\" data-widget_type=\"text-editor.default\"><div class=\"elementor-widget-container\"><h4>Internet Explorer<\/h4><ol><li>Klavyenizde Ctrl + Shift + Delete tu\u015flar\u0131na bas\u0131n.<\/li><li>\u2018\u00c7erezler ve web sitesi verileri\u2019 onay kutusunu se\u00e7in.<\/li><li>\u201cSil\u201d d\u00fc\u011fmesini t\u0131klay\u0131n.<\/li><\/ol><\/div><\/div><div class=\"elementor-element elementor-element-1217be3 elementor-widget elementor-widget-image\" data-id=\"1217be3\" data-element_type=\"widget\" data-widget_type=\"image.default\"><div class=\"elementor-widget-container\"><img loading=\"lazy\" decoding=\"async\" class=\"attachment-large size-large wp-image-1923\" src=\"https:\/\/cemerel.com\/en\/wp-content\/uploads\/2024\/02\/iex.jpg\" sizes=\"(max-width: 394px) 100vw, 394px\" srcset=\"https:\/\/cemerel.com\/en\/wp-content\/uploads\/2024\/02\/iex.jpg 394w, https:\/\/cemerel.com\/en\/wp-content\/uploads\/2024\/02\/iex-216x300.jpg 216w\" alt=\"\" width=\"394\" height=\"547\" \/><\/div><\/div>\t\t\t\t\t\t\t\t<\/div>\n\t\t\t\t<\/div>\n\t\t\t\t<\/div>\n\t\t\t\t\t<\/div>\n\t\t\t\t<\/div>\n\t\t\t\t<\/div>\n\t\t","protected":false},"excerpt":{"rendered":"<p>\u00c7erez Politikas\u0131 CEM EREL KALIP TEKNOLOJ\u0130LER\u0130 VE MAK. MET. \u0130TH. \u0130HR. SAN. T\u0130C. LTD. \u015eT\u0130.\u00a0olarak internet sitelerimizden en verimli \u015fekilde faydalanabilmeniz ve kullan\u0131c\u0131 deneyiminizi geli\u015ftirebilmek i\u00e7in \u00e7erezler kullanmaktay\u0131z. \u00c7erez kullan\u0131lmas\u0131n\u0131 tercih etmezseniz taray\u0131c\u0131n\u0131z\u0131n ayarlar\u0131ndan veya a\u015fa\u011f\u0131daki detayl\u0131 \u00e7erez kald\u0131r\u0131m a\u00e7\u0131klamas\u0131ndan \u00e7erezleri silebilir ya da engelleyebilirsiniz. Ancak bunun internet sitelerimizin kullan\u0131m\u0131n\u0131z\u0131 etkileyebilece\u011fini hat\u0131rlatmak isteriz. Taray\u0131c\u0131n\u0131zdan \u00e7erez [&hellip;]<\/p>\n","protected":false},"author":1,"featured_media":0,"parent":0,"menu_order":0,"comment_status":"closed","ping_status":"closed","template":"","meta":{"site-sidebar-layout":"no-sidebar","site-content-layout":"page-builder","ast-site-content-layout":"default","site-content-style":"default","site-sidebar-style":"default","ast-global-header-display":"","ast-banner-title-visibility":"","ast-main-header-display":"","ast-hfb-above-header-display":"","ast-hfb-below-header-display":"","ast-hfb-mobile-header-display":"","site-post-title":"disabled","ast-breadcrumbs-content":"disabled","ast-featured-img":"disabled","footer-sml-layout":"","ast-disable-related-posts":"","theme-transparent-header-meta":"enabled","adv-header-id-meta":"","stick-header-meta":"","header-above-stick-meta":"","header-main-stick-meta":"","header-below-stick-meta":"","astra-migrate-meta-layouts":"default","ast-page-background-enabled":"default","ast-page-background-meta":{"desktop":{"background-color":"var(--ast-global-color-4)","background-image":"","background-repeat":"repeat","background-position":"center center","background-size":"auto","background-attachment":"scroll","background-type":"","background-media":"","overlay-type":"","overlay-color":"","overlay-opacity":"","overlay-gradient":""},"tablet":{"background-color":"","background-image":"","background-repeat":"repeat","background-position":"center center","background-size":"auto","background-attachment":"scroll","background-type":"","background-media":"","overlay-type":"","overlay-color":"","overlay-opacity":"","overlay-gradient":""},"mobile":{"background-color":"","background-image":"","background-repeat":"repeat","background-position":"center center","background-size":"auto","background-attachment":"scroll","background-type":"","background-media":"","overlay-type":"","overlay-color":"","overlay-opacity":"","overlay-gradient":""}},"ast-content-background-meta":{"desktop":{"background-color":"var(--ast-global-color-5)","background-image":"","background-repeat":"repeat","background-position":"center center","background-size":"auto","background-attachment":"scroll","background-type":"","background-media":"","overlay-type":"","overlay-color":"","overlay-opacity":"","overlay-gradient":""},"tablet":{"background-color":"var(--ast-global-color-5)","background-image":"","background-repeat":"repeat","background-position":"center center","background-size":"auto","background-attachment":"scroll","background-type":"","background-media":"","overlay-type":"","overlay-color":"","overlay-opacity":"","overlay-gradient":""},"mobile":{"background-color":"var(--ast-global-color-5)","background-image":"","background-repeat":"repeat","background-position":"center center","background-size":"auto","background-attachment":"scroll","background-type":"","background-media":"","overlay-type":"","overlay-color":"","overlay-opacity":"","overlay-gradient":""}},"footnotes":""},"class_list":["post-1105","page","type-page","status-publish","hentry"],"_links":{"self":[{"href":"https:\/\/cemerel.com\/en\/wp-json\/wp\/v2\/pages\/1105","targetHints":{"allow":["GET"]}}],"collection":[{"href":"https:\/\/cemerel.com\/en\/wp-json\/wp\/v2\/pages"}],"about":[{"href":"https:\/\/cemerel.com\/en\/wp-json\/wp\/v2\/types\/page"}],"author":[{"embeddable":true,"href":"https:\/\/cemerel.com\/en\/wp-json\/wp\/v2\/users\/1"}],"replies":[{"embeddable":true,"href":"https:\/\/cemerel.com\/en\/wp-json\/wp\/v2\/comments?post=1105"}],"version-history":[{"count":10,"href":"https:\/\/cemerel.com\/en\/wp-json\/wp\/v2\/pages\/1105\/revisions"}],"predecessor-version":[{"id":1207,"href":"https:\/\/cemerel.com\/en\/wp-json\/wp\/v2\/pages\/1105\/revisions\/1207"}],"wp:attachment":[{"href":"https:\/\/cemerel.com\/en\/wp-json\/wp\/v2\/media?parent=1105"}],"curies":[{"name":"wp","href":"https:\/\/api.w.org\/{rel}","templated":true}]}}