{"id":1097,"date":"2024-11-18T17:16:48","date_gmt":"2024-11-18T17:16:48","guid":{"rendered":"https:\/\/cemerel.com\/en\/?page_id=1097"},"modified":"2025-02-11T10:31:59","modified_gmt":"2025-02-11T10:31:59","slug":"hotspot-internet-aydinlatma-metni","status":"publish","type":"page","link":"https:\/\/cemerel.com\/en\/hotspot-internet-aydinlatma-metni\/","title":{"rendered":"Hotspot \u2013 \u0130nternet Ayd\u0131nlatma Metni"},"content":{"rendered":"\t\t<div data-elementor-type=\"wp-page\" data-elementor-id=\"1097\" class=\"elementor elementor-1097\">\n\t\t\t\t<div class=\"elementor-element elementor-element-1b6161c e-flex e-con-boxed e-con e-parent\" data-id=\"1b6161c\" data-element_type=\"container\" data-e-type=\"container\" data-settings=\"{&quot;background_background&quot;:&quot;slideshow&quot;,&quot;background_slideshow_gallery&quot;:[{&quot;id&quot;:1027,&quot;url&quot;:&quot;https:\\\/\\\/cemerel.com\\\/en\\\/wp-content\\\/uploads\\\/2025\\\/02\\\/banaer2.png&quot;},{&quot;id&quot;:1026,&quot;url&quot;:&quot;https:\\\/\\\/cemerel.com\\\/en\\\/wp-content\\\/uploads\\\/2025\\\/02\\\/banaer1.png&quot;}],&quot;background_slideshow_lazyload&quot;:&quot;yes&quot;,&quot;background_slideshow_ken_burns&quot;:&quot;yes&quot;,&quot;background_slideshow_loop&quot;:&quot;yes&quot;,&quot;background_slideshow_slide_duration&quot;:5000,&quot;background_slideshow_slide_transition&quot;:&quot;fade&quot;,&quot;background_slideshow_transition_duration&quot;:500,&quot;background_slideshow_ken_burns_zoom_direction&quot;:&quot;in&quot;}\">\n\t\t\t\t\t<div class=\"e-con-inner\">\n\t\t<div class=\"elementor-element elementor-element-a621323 e-con-full e-flex e-con e-child\" data-id=\"a621323\" data-element_type=\"container\" data-e-type=\"container\">\n\t\t\t\t<div class=\"elementor-element elementor-element-2ff45f2 elementor-widget elementor-widget-heading\" data-id=\"2ff45f2\" data-element_type=\"widget\" data-e-type=\"widget\" data-widget_type=\"heading.default\">\n\t\t\t\t<div class=\"elementor-widget-container\">\n\t\t\t\t\t<h1 class=\"elementor-heading-title elementor-size-default\">Hotspot \u2013 \u0130nternet Ayd\u0131nlatma Metni<\/h1>\t\t\t\t<\/div>\n\t\t\t\t<\/div>\n\t\t\t\t<\/div>\n\t\t\t\t\t<\/div>\n\t\t\t\t<\/div>\n\t\t<div class=\"elementor-element elementor-element-3a31dfd e-flex e-con-boxed e-con e-parent\" data-id=\"3a31dfd\" data-element_type=\"container\" data-e-type=\"container\" data-settings=\"{&quot;background_background&quot;:&quot;classic&quot;}\">\n\t\t\t\t\t<div class=\"e-con-inner\">\n\t\t<div class=\"elementor-element elementor-element-d5b2ddf e-con-full e-flex e-con e-child\" data-id=\"d5b2ddf\" data-element_type=\"container\" data-e-type=\"container\">\n\t\t\t\t<div class=\"elementor-element elementor-element-239a3f9 elementor-widget elementor-widget-heading\" data-id=\"239a3f9\" data-element_type=\"widget\" data-e-type=\"widget\" data-widget_type=\"heading.default\">\n\t\t\t\t<div class=\"elementor-widget-container\">\n\t\t\t\t\t<h3 class=\"elementor-heading-title elementor-size-default\">Misafir \u0130nternet Kullan\u0131m\u0131nda \u0130\u015flenen Ki\u015fisel Verilere \u0130li\u015fkin Ayd\u0131nlatma Metni<\/h3>\t\t\t\t<\/div>\n\t\t\t\t<\/div>\n\t\t\t\t<div class=\"elementor-element elementor-element-08977fb elementor-widget elementor-widget-text-editor\" data-id=\"08977fb\" data-element_type=\"widget\" data-e-type=\"widget\" data-widget_type=\"text-editor.default\">\n\t\t\t\t<div class=\"elementor-widget-container\">\n\t\t\t\t\t\t\t\t\t<p>Bu ayd\u0131nlatma metni, 6698 say\u0131l\u0131 Ki\u015fisel Verilerin Korunmas\u0131 Kanununun 10. maddesi ile Ayd\u0131nlatma Y\u00fck\u00fcml\u00fcl\u00fc\u011f\u00fcn\u00fcn Yerine Getirilmesinde Uyulacak Usul ve Esaslar Hakk\u0131nda Tebli\u011f kapsam\u0131nda veri sorumlusu s\u0131fat\u0131yla internet kullan\u0131m\u0131 i\u00e7in doldurulan hotspot kullanc\u0131 paneli hakk\u0131nda CEM EREL KALIP TEKNOLOJ\u0130LER\u0130 VE MAK. MET. \u0130TH. \u0130HR. SAN. T\u0130C. LTD. \u015eT\u0130. taraf\u0131ndan haz\u0131rlanm\u0131\u015ft\u0131r.<\/p>\n<p>\u0130nternet kullan\u0131m\u0131 i\u00e7in doldurulan hotspot kullanc\u0131 paneli arac\u0131l\u0131\u011f\u0131yla payla\u015ft\u0131\u011f\u0131n\u0131z telefon numaras\u0131 ve internet kullan\u0131m\u0131na dair trafik bilgileriniz ile s\u0131n\u0131rl\u0131 olan ki\u015fisel verileriniz, sunulan internet hizmetinde veri sorumlusunun g\u00fcvenli\u011finin sa\u011flanabilmesi ve 5651 say\u0131l\u0131 kanun gere\u011fi trafik bilgilerinin kay\u0131t edilmesinin zorunlulu\u011funu yerine getirmek amac\u0131l\u0131yla i\u015flenmektedir.<\/p>\n<p>S\u00f6z konusu ki\u015fisel veriler, KVKK\u2019n\u0131n 5. maddesinde yer alan, \u201ckanunlarda a\u00e7\u0131k\u00e7a \u00f6ng\u00f6r\u00fclmesi\u201d ve \u201cilgili ki\u015finin temel hak ve \u00f6zg\u00fcrl\u00fcklerine zarar vermemek kayd\u0131yla veri sorumlusunun me\u015fru menfaati i\u00e7in zorunlu olmas\u0131\u201d hukuki sebeplerine dayanarak otomatik yolla i\u015flenmektedir. Bu ki\u015fisel verileriniz yetkili kamu kurum ve kurulu\u015flarla payla\u015f\u0131lacakt\u0131r.<\/p>\n<p>Kanunun ilgili ki\u015finin haklar\u0131n\u0131 d\u00fczenleyen 11. Maddesi kapsam\u0131ndaki taleplerinizi, \u201cVeri Sorumlusuna Ba\u015fvuru Usul ve Esaslar\u0131 Hakk\u0131nda Tebli\u011fe\u201d Madde 5\u2019e g\u00f6re, \u015eekerp\u0131nar Mah. Marmara Geri D\u00f6n\u00fc\u015f\u00fcmc\u00fcler Koop. Ay\u00e7a Sok. No:22 \u00c7ay\u0131rova KOCAEL\u0130 adresine yaz\u0131l\u0131 olarak g\u00f6nderebilir veya info@cemerel.com e-posta adresine iletebilirsiniz.<\/p>\t\t\t\t\t\t\t\t<\/div>\n\t\t\t\t<\/div>\n\t\t\t\t<\/div>\n\t\t\t\t\t<\/div>\n\t\t\t\t<\/div>\n\t\t\t\t<\/div>\n\t\t","protected":false},"excerpt":{"rendered":"<p>Hotspot \u2013 \u0130nternet Ayd\u0131nlatma Metni Misafir \u0130nternet Kullan\u0131m\u0131nda \u0130\u015flenen Ki\u015fisel Verilere \u0130li\u015fkin Ayd\u0131nlatma Metni Bu ayd\u0131nlatma metni, 6698 say\u0131l\u0131 Ki\u015fisel Verilerin Korunmas\u0131 Kanununun 10. maddesi ile Ayd\u0131nlatma Y\u00fck\u00fcml\u00fcl\u00fc\u011f\u00fcn\u00fcn Yerine Getirilmesinde Uyulacak Usul ve Esaslar Hakk\u0131nda Tebli\u011f kapsam\u0131nda veri sorumlusu s\u0131fat\u0131yla internet kullan\u0131m\u0131 i\u00e7in doldurulan hotspot kullanc\u0131 paneli hakk\u0131nda CEM EREL KALIP TEKNOLOJ\u0130LER\u0130 VE MAK. MET. [&hellip;]<\/p>\n","protected":false},"author":1,"featured_media":0,"parent":0,"menu_order":0,"comment_status":"closed","ping_status":"closed","template":"","meta":{"site-sidebar-layout":"no-sidebar","site-content-layout":"page-builder","ast-site-content-layout":"default","site-content-style":"default","site-sidebar-style":"default","ast-global-header-display":"","ast-banner-title-visibility":"","ast-main-header-display":"","ast-hfb-above-header-display":"","ast-hfb-below-header-display":"","ast-hfb-mobile-header-display":"","site-post-title":"disabled","ast-breadcrumbs-content":"disabled","ast-featured-img":"disabled","footer-sml-layout":"","ast-disable-related-posts":"","theme-transparent-header-meta":"enabled","adv-header-id-meta":"","stick-header-meta":"","header-above-stick-meta":"","header-main-stick-meta":"","header-below-stick-meta":"","astra-migrate-meta-layouts":"default","ast-page-background-enabled":"default","ast-page-background-meta":{"desktop":{"background-color":"var(--ast-global-color-4)","background-image":"","background-repeat":"repeat","background-position":"center center","background-size":"auto","background-attachment":"scroll","background-type":"","background-media":"","overlay-type":"","overlay-color":"","overlay-opacity":"","overlay-gradient":""},"tablet":{"background-color":"","background-image":"","background-repeat":"repeat","background-position":"center center","background-size":"auto","background-attachment":"scroll","background-type":"","background-media":"","overlay-type":"","overlay-color":"","overlay-opacity":"","overlay-gradient":""},"mobile":{"background-color":"","background-image":"","background-repeat":"repeat","background-position":"center center","background-size":"auto","background-attachment":"scroll","background-type":"","background-media":"","overlay-type":"","overlay-color":"","overlay-opacity":"","overlay-gradient":""}},"ast-content-background-meta":{"desktop":{"background-color":"var(--ast-global-color-5)","background-image":"","background-repeat":"repeat","background-position":"center center","background-size":"auto","background-attachment":"scroll","background-type":"","background-media":"","overlay-type":"","overlay-color":"","overlay-opacity":"","overlay-gradient":""},"tablet":{"background-color":"var(--ast-global-color-5)","background-image":"","background-repeat":"repeat","background-position":"center center","background-size":"auto","background-attachment":"scroll","background-type":"","background-media":"","overlay-type":"","overlay-color":"","overlay-opacity":"","overlay-gradient":""},"mobile":{"background-color":"var(--ast-global-color-5)","background-image":"","background-repeat":"repeat","background-position":"center center","background-size":"auto","background-attachment":"scroll","background-type":"","background-media":"","overlay-type":"","overlay-color":"","overlay-opacity":"","overlay-gradient":""}},"footnotes":""},"class_list":["post-1097","page","type-page","status-publish","hentry"],"_links":{"self":[{"href":"https:\/\/cemerel.com\/en\/wp-json\/wp\/v2\/pages\/1097","targetHints":{"allow":["GET"]}}],"collection":[{"href":"https:\/\/cemerel.com\/en\/wp-json\/wp\/v2\/pages"}],"about":[{"href":"https:\/\/cemerel.com\/en\/wp-json\/wp\/v2\/types\/page"}],"author":[{"embeddable":true,"href":"https:\/\/cemerel.com\/en\/wp-json\/wp\/v2\/users\/1"}],"replies":[{"embeddable":true,"href":"https:\/\/cemerel.com\/en\/wp-json\/wp\/v2\/comments?post=1097"}],"version-history":[{"count":10,"href":"https:\/\/cemerel.com\/en\/wp-json\/wp\/v2\/pages\/1097\/revisions"}],"predecessor-version":[{"id":1210,"href":"https:\/\/cemerel.com\/en\/wp-json\/wp\/v2\/pages\/1097\/revisions\/1210"}],"wp:attachment":[{"href":"https:\/\/cemerel.com\/en\/wp-json\/wp\/v2\/media?parent=1097"}],"curies":[{"name":"wp","href":"https:\/\/api.w.org\/{rel}","templated":true}]}}