{"id":311,"date":"2024-11-18T17:16:48","date_gmt":"2024-11-18T17:16:48","guid":{"rendered":"https:\/\/cemerel.com\/de\/index.php\/about\/"},"modified":"2025-02-21T11:02:44","modified_gmt":"2025-02-21T11:02:44","slug":"uberuns","status":"publish","type":"page","link":"https:\/\/cemerel.com\/de\/uberuns\/","title":{"rendered":"\u00dcber Uns"},"content":{"rendered":"\t\t<div data-elementor-type=\"wp-page\" data-elementor-id=\"311\" class=\"elementor elementor-311\">\n\t\t\t\t<div class=\"elementor-element elementor-element-19b8c8c e-flex e-con-boxed e-con e-parent\" data-id=\"19b8c8c\" data-element_type=\"container\" data-e-type=\"container\" data-settings=\"{&quot;background_background&quot;:&quot;slideshow&quot;,&quot;background_slideshow_gallery&quot;:[{&quot;id&quot;:1026,&quot;url&quot;:&quot;https:\\\/\\\/cemerel.com\\\/en\\\/wp-content\\\/uploads\\\/2025\\\/02\\\/banaer1.png&quot;},{&quot;id&quot;:1027,&quot;url&quot;:&quot;https:\\\/\\\/cemerel.com\\\/en\\\/wp-content\\\/uploads\\\/2025\\\/02\\\/banaer2.png&quot;}],&quot;background_slideshow_transition_duration&quot;:3000,&quot;background_slideshow_lazyload&quot;:&quot;yes&quot;,&quot;background_slideshow_ken_burns&quot;:&quot;yes&quot;,&quot;background_slideshow_loop&quot;:&quot;yes&quot;,&quot;background_slideshow_slide_duration&quot;:5000,&quot;background_slideshow_slide_transition&quot;:&quot;fade&quot;,&quot;background_slideshow_ken_burns_zoom_direction&quot;:&quot;in&quot;}\">\n\t\t\t\t\t<div class=\"e-con-inner\">\n\t\t<div class=\"elementor-element elementor-element-372848a e-con-full e-flex e-con e-child\" data-id=\"372848a\" data-element_type=\"container\" data-e-type=\"container\">\n\t\t\t\t<div class=\"elementor-element elementor-element-0ccf104 elementor-widget elementor-widget-heading\" data-id=\"0ccf104\" data-element_type=\"widget\" data-e-type=\"widget\" data-widget_type=\"heading.default\">\n\t\t\t\t<div class=\"elementor-widget-container\">\n\t\t\t\t\t<h1 class=\"elementor-heading-title elementor-size-default\">\u00dcber uns<\/h1>\t\t\t\t<\/div>\n\t\t\t\t<\/div>\n\t\t\t\t<\/div>\n\t\t\t\t\t<\/div>\n\t\t\t\t<\/div>\n\t\t<div class=\"elementor-element elementor-element-8338255 e-flex e-con-boxed e-con e-parent\" data-id=\"8338255\" data-element_type=\"container\" data-e-type=\"container\" data-settings=\"{&quot;background_background&quot;:&quot;classic&quot;}\">\n\t\t\t\t\t<div class=\"e-con-inner\">\n\t\t<div class=\"elementor-element elementor-element-87eb59b e-con-full e-flex e-con e-child\" data-id=\"87eb59b\" data-element_type=\"container\" data-e-type=\"container\">\n\t\t\t\t<div class=\"elementor-element elementor-element-012d882 elementor-widget elementor-widget-heading\" data-id=\"012d882\" data-element_type=\"widget\" data-e-type=\"widget\" data-widget_type=\"heading.default\">\n\t\t\t\t<div class=\"elementor-widget-container\">\n\t\t\t\t\t<h2 class=\"elementor-heading-title elementor-size-default\">WER IST CEMEREL MOLD TECHNOLOGIES?<\/h2>\t\t\t\t<\/div>\n\t\t\t\t<\/div>\n\t\t\t\t<div class=\"elementor-element elementor-element-35ebd54 elementor-widget elementor-widget-text-editor\" data-id=\"35ebd54\" data-element_type=\"widget\" data-e-type=\"widget\" data-widget_type=\"text-editor.default\">\n\t\t\t\t<div class=\"elementor-widget-container\">\n\t\t\t\t\t\t\t\t\t<p>Cemerel\u00a0\u00a0wurde 2012 zur Herstellung von Kunststoff-Spritzgussformen gegr\u00fcndet. Das Unternehmen verfolgt eine wettbewerbsf\u00e4hige Preispolitik mit dem Verst\u00e4ndnis p\u00fcnktlicher Lieferung, qualitativ hochwertigen Service und maximalen Kundendienst, den die Hauptindustrie ben\u00f6tigt.<\/p>\t\t\t\t\t\t\t\t<\/div>\n\t\t\t\t<\/div>\n\t\t\t\t<\/div>\n\t\t<div class=\"elementor-element elementor-element-120c976 e-con-full e-flex e-con e-child\" data-id=\"120c976\" data-element_type=\"container\" data-e-type=\"container\">\n\t\t\t\t<div class=\"elementor-element elementor-element-489146e elementor-widget elementor-widget-image\" data-id=\"489146e\" data-element_type=\"widget\" data-e-type=\"widget\" data-widget_type=\"image.default\">\n\t\t\t\t<div class=\"elementor-widget-container\">\n\t\t\t\t\t\t\t\t\t\t\t\t\t\t\t<img fetchpriority=\"high\" decoding=\"async\" width=\"1024\" height=\"768\" src=\"https:\/\/cemerel.com\/de\/wp-content\/uploads\/2025\/02\/hakkimizda-1024x768.jpg\" class=\"attachment-large size-large wp-image-1010\" alt=\"\" srcset=\"https:\/\/cemerel.com\/de\/wp-content\/uploads\/2025\/02\/hakkimizda-1024x768.jpg 1024w, https:\/\/cemerel.com\/de\/wp-content\/uploads\/2025\/02\/hakkimizda-300x225.jpg 300w, https:\/\/cemerel.com\/de\/wp-content\/uploads\/2025\/02\/hakkimizda-768x576.jpg 768w, https:\/\/cemerel.com\/de\/wp-content\/uploads\/2025\/02\/hakkimizda-1536x1152.jpg 1536w, https:\/\/cemerel.com\/de\/wp-content\/uploads\/2025\/02\/hakkimizda.jpg 1703w\" sizes=\"(max-width: 1024px) 100vw, 1024px\" \/>\t\t\t\t\t\t\t\t\t\t\t\t\t\t\t<\/div>\n\t\t\t\t<\/div>\n\t\t\t\t<div class=\"elementor-element elementor-element-1d30516 elementor-widget elementor-widget-text-editor\" data-id=\"1d30516\" data-element_type=\"widget\" data-e-type=\"widget\" data-widget_type=\"text-editor.default\">\n\t\t\t\t<div class=\"elementor-widget-container\">\n\t\t\t\t\t\t\t\t\t<p><span>Mit diesem Verst\u00e4ndnis\u00a0\u00a0\u00a0\u00a0ist es dem Unternehmen gelungen\u00a0<\/span><span>\u00a0, in kurzer Zeit zum Formenlieferanten der gr\u00f6\u00dften Unternehmen der T\u00fcrkei in den Bereichen Automobil, Haushaltsger\u00e4te und Elektro zu werden. Es kann \u00fcber 100 St\u00fcck Kunststoff-Spritzgussformen bis zu einem Maximum von 38 Tonnen pro Jahr herstellen\u00a0\u00a0.\u00a0\u00a0Unser\u00a0<\/span><span>\u00a0Unternehmen\u00a0<\/span><span>\u00a0\u00a0,\u00a0\u00a0<\/span><span>das\u00a0<\/span><span>\u00a0\u00a0seine\u00a0\u00a0\u00a0<\/span><span>Technologie\u00a0\u00a0st\u00e4ndig\u00a0\u00a0\u00a0\u00a0erneuert und weiterentwickelt, setzt seine Aktivit\u00e4ten in einem 1200 m2 gro\u00dfen geschlossenen Bereich mit moderner Infrastruktur fort. Das Ziel unseres Unternehmens ist es, seine Investitionen in Technologie und Personal zu erh\u00f6hen und sich innerhalb von 5 Jahren in Bezug auf Qualit\u00e4t einen Namen unter den Top 5 der Formenhersteller in Europa zu machen.<\/span>\u00a0<\/p>\t\t\t\t\t\t\t\t<\/div>\n\t\t\t\t<\/div>\n\t\t\t\t<\/div>\n\t\t\t\t\t<\/div>\n\t\t\t\t<\/div>\n\t\t<div class=\"elementor-element elementor-element-d969aca elementor-hidden-desktop elementor-hidden-tablet elementor-hidden-mobile e-flex e-con-boxed e-con e-parent\" data-id=\"d969aca\" data-element_type=\"container\" data-e-type=\"container\" data-settings=\"{&quot;background_background&quot;:&quot;classic&quot;}\">\n\t\t\t\t\t<div class=\"e-con-inner\">\n\t\t\t\t<div class=\"elementor-element elementor-element-c835e6c elementor-widget elementor-widget-shortcode\" data-id=\"c835e6c\" data-element_type=\"widget\" data-e-type=\"widget\" data-widget_type=\"shortcode.default\">\n\t\t\t\t<div class=\"elementor-widget-container\">\n\t\t\t\t\t\t\t<div class=\"elementor-shortcode\">        \r\n            <!-- Timeline Meta Data -->\r\n                    \r\n            <!-- Start Parent Container -->\r\n            <div id=\"btimeline-1083\">\r\n                <div class=\"timeline bp_titleline\" data-timeline='{&quot;timeline_type&quot;:&quot;vertical&quot;,&quot;content_position&quot;:&quot;default&quot;,&quot;date_location&quot;:&quot;top&quot;,&quot;item_datas&quot;:[{&quot;date_label&quot;:&quot;2005&quot;,&quot;item_details&quot;:&quot;fuar tan\\u0131t\\u0131m&quot;},{&quot;date_label&quot;:&quot;2002&quot;,&quot;item_details&quot;:&quot;yeni fabrika&quot;},{&quot;date_label&quot;:&quot;2001&quot;,&quot;item_details&quot;:&quot;kurulu\\u015f&quot;}],&quot;start_item&quot;:&quot;1&quot;,&quot;move_item&quot;:&quot;6&quot;,&quot;visible_items&quot;:&quot;3&quot;,&quot;vertica_trigger&quot;:&quot;10&quot;,&quot;rtl_mode&quot;:&quot;1&quot;,&quot;bar_bg_color&quot;:&quot;#2599bc&quot;,&quot;bar_dot_color&quot;:&quot;#2599bc&quot;,&quot;item_bg&quot;:&quot;#ffffff&quot;,&quot;item_color&quot;:&quot;#333333&quot;,&quot;item_fontWeight&quot;:&quot;bold&quot;,&quot;item_fontStyle&quot;:&quot;normal&quot;,&quot;item_fontSize&quot;:&quot;14&quot;,&quot;item_border_size&quot;:&quot;1&quot;,&quot;item_border_color&quot;:&quot;#009fbf&quot;,&quot;label_fontSize&quot;:&quot;16&quot;,&quot;lebel_fontWeight&quot;:&quot;normal&quot;,&quot;label_fontStyle&quot;:&quot;normal&quot;,&quot;label_color&quot;:&quot;#222222&quot;}'>\r\n                    <div class=\"timeline__wrap\">\r\n                        <div class=\"timeline__items\">\r\n        \r\n                                    \r\n                                <div class=\"timeline__item  fadeIn\">\r\n                                    <div class=\"timeline__item__inner\">\r\n                                        <div class=\"timeline__content__wrap\">\r\n                                            <div class=\"timeline__content\">\r\n                                                <p class=\"title\">2005 <\/p>\r\n                                                <p>fuar tan\u0131t\u0131m <\/p>\r\n                                            <\/div>\r\n                                        <\/div>\r\n                                    <\/div>\r\n                                <\/div>\r\n        \r\n                                    \r\n                                <div class=\"timeline__item  fadeIn\">\r\n                                    <div class=\"timeline__item__inner\">\r\n                                        <div class=\"timeline__content__wrap\">\r\n                                            <div class=\"timeline__content\">\r\n                                                <p class=\"title\">2002 <\/p>\r\n                                                <p>yeni fabrika <\/p>\r\n                                            <\/div>\r\n                                        <\/div>\r\n                                    <\/div>\r\n                                <\/div>\r\n        \r\n                                    \r\n                                <div class=\"timeline__item  fadeIn\">\r\n                                    <div class=\"timeline__item__inner\">\r\n                                        <div class=\"timeline__content__wrap\">\r\n                                            <div class=\"timeline__content\">\r\n                                                <p class=\"title\">2001 <\/p>\r\n                                                <p>kurulu\u015f <\/p>\r\n                                            <\/div>\r\n                                        <\/div>\r\n                                    <\/div>\r\n                                <\/div>\r\n        \r\n                                                    <\/div>\r\n                    <\/div>\r\n                <\/div>\r\n            <\/div> <!-- End Parent Container -->\r\n            <style>\r\n                #btimeline-1083                .timeline__content {\r\n                    background:\r\n                        #ffffff                    ;\r\n                    border:\r\n                        1                        px solid\r\n                        #009fbf                    ;\r\n        \r\n                }\r\n        \r\n                #btimeline-1083                .timeline__content .title{\r\n                    font-size: 14px;\r\n                    color: #333333;\r\n                    font-style: normal;\r\n                    font-weight: bold                }\r\n        \r\n                #btimeline-1083                .timeline__content p {\r\n                    font-size: 16 px;\r\n                    color: #222222;\r\n                    font-style: normal;\r\n                    font-weight: normal                }\r\n        \r\n                \/* Timeline Dot *\/\r\n                #btimeline-1083                .timeline__item::after {\r\n                    background-color: '#fff';\r\n                    border: 5px solid #2599bc;\r\n                }\r\n        \r\n                #btimeline-1083                .timeline--horizontal .timeline-divider,\r\n                #btimeline-1083                .timeline:not(.timeline--horizontal)::before {\r\n                    background-color: #2599bc;\r\n                }\r\n        \r\n                #btimeline-1083                .timeline__item--left .timeline__content::before {\r\n                    border-left: 11px solid\r\n                        #009fbf                    ;\r\n                }\r\n        \r\n                #btimeline-1083                .timeline__item--right .timeline__content::before {\r\n                    border-right: 12px solid\r\n                        #009fbf                    ;\r\n                }\r\n        \r\n                #btimeline-1083                .timeline__item--left .timeline__content::after {\r\n                    border-left: 11px solid\r\n                        #ffffff                    ;\r\n                }\r\n        \r\n                #btimeline-1083                .timeline__item--right .timeline__content::after {\r\n                    border-right: 12px solid\r\n                        #ffffff                    ;\r\n                }\r\n        \r\n                #btimeline-1083                .timeline__item.timeline__item--top .timeline__content::before {\r\n                    border-top: 14px solid\r\n                        #009fbf                        !important;\r\n                }\r\n        \r\n                #btimeline-1083                .timeline__item.timeline__item--bottom .timeline__content::before {\r\n                    border-bottom: 14px solid\r\n                        #009fbf                        !important;\r\n                    border-top: none;\r\n                }\r\n        \r\n                \/* Horizontal view *\/\r\n                #btimeline-1083                .timeline__item.timeline__item--top .timeline__content::after {\r\n                    border-top: 12px solid\r\n                        #ffffff                    ;\r\n                }\r\n        \r\n                #btimeline-1083                .timeline__item.timeline__item--bottom .timeline__content::after {\r\n                    border-bottom: 12px solid\r\n                        #ffffff                    ;\r\n                    border-top: none;\r\n                }\r\n        \r\n                \/* Mobaile view *\/\r\n                #btimeline-1083                .timeline--mobile .timeline__wrap .timeline__items {\r\n                    height: auto !important;\r\n                }\r\n    \r\n                #btimeline-1083                .timeline--mobile .timeline__item .timeline__content::before {\r\n                    border-left: none;\r\n                    border-right: 12px solid\r\n                        #009fbf                    ;\r\n                }\r\n        \r\n                #btimeline-1083                .timeline--mobile .timeline__item .timeline__content::after {\r\n                    border-left: none;\r\n                    border-right: 12px solid\r\n                        #ffffff                    ;\r\n                }\r\n        \r\n                #btimeline-1083                .timeline-nav-button {\r\n                    background-color: #fff;\r\n                    border: 2px solid\r\n                        #2599bc                    ;\r\n                }\r\n            <\/style>\r\n        \r\n            <\/div>\n\t\t\t\t\t\t<\/div>\n\t\t\t\t<\/div>\n\t\t\t\t\t<\/div>\n\t\t\t\t<\/div>\n\t\t\t\t<\/div>\n\t\t","protected":false},"excerpt":{"rendered":"<p>\u00dcber uns WER IST CEMEREL MOLD TECHNOLOGIES? Cemerel\u00a0\u00a0wurde 2012 zur Herstellung von Kunststoff-Spritzgussformen gegr\u00fcndet. Das Unternehmen verfolgt eine wettbewerbsf\u00e4hige Preispolitik mit dem Verst\u00e4ndnis p\u00fcnktlicher Lieferung, qualitativ hochwertigen Service und maximalen Kundendienst, den die Hauptindustrie ben\u00f6tigt. Mit diesem Verst\u00e4ndnis\u00a0\u00a0\u00a0\u00a0ist es dem Unternehmen gelungen\u00a0\u00a0, in kurzer Zeit zum Formenlieferanten der gr\u00f6\u00dften Unternehmen der T\u00fcrkei in den Bereichen [&hellip;]<\/p>\n","protected":false},"author":1,"featured_media":0,"parent":0,"menu_order":0,"comment_status":"closed","ping_status":"closed","template":"","meta":{"site-sidebar-layout":"no-sidebar","site-content-layout":"page-builder","ast-site-content-layout":"default","site-content-style":"default","site-sidebar-style":"default","ast-global-header-display":"","ast-banner-title-visibility":"","ast-main-header-display":"","ast-hfb-above-header-display":"","ast-hfb-below-header-display":"","ast-hfb-mobile-header-display":"","site-post-title":"disabled","ast-breadcrumbs-content":"disabled","ast-featured-img":"disabled","footer-sml-layout":"","ast-disable-related-posts":"","theme-transparent-header-meta":"enabled","adv-header-id-meta":"","stick-header-meta":"","header-above-stick-meta":"","header-main-stick-meta":"","header-below-stick-meta":"","astra-migrate-meta-layouts":"default","ast-page-background-enabled":"default","ast-page-background-meta":{"desktop":{"background-color":"var(--ast-global-color-4)","background-image":"","background-repeat":"repeat","background-position":"center center","background-size":"auto","background-attachment":"scroll","background-type":"","background-media":"","overlay-type":"","overlay-color":"","overlay-opacity":"","overlay-gradient":""},"tablet":{"background-color":"","background-image":"","background-repeat":"repeat","background-position":"center center","background-size":"auto","background-attachment":"scroll","background-type":"","background-media":"","overlay-type":"","overlay-color":"","overlay-opacity":"","overlay-gradient":""},"mobile":{"background-color":"","background-image":"","background-repeat":"repeat","background-position":"center center","background-size":"auto","background-attachment":"scroll","background-type":"","background-media":"","overlay-type":"","overlay-color":"","overlay-opacity":"","overlay-gradient":""}},"ast-content-background-meta":{"desktop":{"background-color":"var(--ast-global-color-5)","background-image":"","background-repeat":"repeat","background-position":"center center","background-size":"auto","background-attachment":"scroll","background-type":"","background-media":"","overlay-type":"","overlay-color":"","overlay-opacity":"","overlay-gradient":""},"tablet":{"background-color":"var(--ast-global-color-5)","background-image":"","background-repeat":"repeat","background-position":"center center","background-size":"auto","background-attachment":"scroll","background-type":"","background-media":"","overlay-type":"","overlay-color":"","overlay-opacity":"","overlay-gradient":""},"mobile":{"background-color":"var(--ast-global-color-5)","background-image":"","background-repeat":"repeat","background-position":"center center","background-size":"auto","background-attachment":"scroll","background-type":"","background-media":"","overlay-type":"","overlay-color":"","overlay-opacity":"","overlay-gradient":""}},"footnotes":""},"class_list":["post-311","page","type-page","status-publish","hentry"],"_links":{"self":[{"href":"https:\/\/cemerel.com\/de\/wp-json\/wp\/v2\/pages\/311","targetHints":{"allow":["GET"]}}],"collection":[{"href":"https:\/\/cemerel.com\/de\/wp-json\/wp\/v2\/pages"}],"about":[{"href":"https:\/\/cemerel.com\/de\/wp-json\/wp\/v2\/types\/page"}],"author":[{"embeddable":true,"href":"https:\/\/cemerel.com\/de\/wp-json\/wp\/v2\/users\/1"}],"replies":[{"embeddable":true,"href":"https:\/\/cemerel.com\/de\/wp-json\/wp\/v2\/comments?post=311"}],"version-history":[{"count":39,"href":"https:\/\/cemerel.com\/de\/wp-json\/wp\/v2\/pages\/311\/revisions"}],"predecessor-version":[{"id":1582,"href":"https:\/\/cemerel.com\/de\/wp-json\/wp\/v2\/pages\/311\/revisions\/1582"}],"wp:attachment":[{"href":"https:\/\/cemerel.com\/de\/wp-json\/wp\/v2\/media?parent=311"}],"curies":[{"name":"wp","href":"https:\/\/api.w.org\/{rel}","templated":true}]}}