{"id":308,"date":"2024-11-18T17:16:48","date_gmt":"2024-11-18T17:16:48","guid":{"rendered":"https:\/\/cemerel.com\/de\/index.php\/home\/"},"modified":"2025-02-24T20:08:04","modified_gmt":"2025-02-24T20:08:04","slug":"startseite","status":"publish","type":"page","link":"https:\/\/cemerel.com\/de\/","title":{"rendered":"Startseite"},"content":{"rendered":"\t\t<div data-elementor-type=\"wp-page\" data-elementor-id=\"308\" class=\"elementor elementor-308\">\n\t\t\t\t<div class=\"elementor-element elementor-element-d4ffd3e e-flex e-con-boxed e-con e-parent\" data-id=\"d4ffd3e\" data-element_type=\"container\" data-e-type=\"container\" data-settings=\"{&quot;background_background&quot;:&quot;video&quot;,&quot;background_video_link&quot;:&quot;https:\\\/\\\/www.youtube.com\\\/watch?v=OQVL3ypGRKY&quot;,&quot;background_video_start&quot;:1,&quot;background_video_end&quot;:59}\">\n\t\t\t\t\t<div class=\"e-con-inner\">\n\t\t<div class=\"elementor-background-video-container elementor-hidden-mobile\">\n\t\t\t\t\t\t\t<div class=\"elementor-background-video-embed\" role=\"presentation\"><\/div>\n\t\t\t\t\t\t<\/div>\t\t\t<\/div>\n\t\t\t\t<\/div>\n\t\t<div class=\"elementor-element elementor-element-d45c306 e-con-full e-flex e-con e-parent\" data-id=\"d45c306\" data-element_type=\"container\" data-e-type=\"container\" data-settings=\"{&quot;background_background&quot;:&quot;classic&quot;}\">\n\t\t<div class=\"elementor-element elementor-element-b81be35 e-con-full e-grid e-con e-child\" data-id=\"b81be35\" data-element_type=\"container\" data-e-type=\"container\" data-settings=\"{&quot;background_background&quot;:&quot;classic&quot;}\">\n\t\t\t\t<div class=\"elementor-element elementor-element-ce79d14 elementor-widget elementor-widget-heading\" data-id=\"ce79d14\" data-element_type=\"widget\" data-e-type=\"widget\" data-widget_type=\"heading.default\">\n\t\t\t\t<div class=\"elementor-widget-container\">\n\t\t\t\t\t<h4 class=\"elementor-heading-title elementor-size-default\"><h4 style=\"font-style: normal\"><font style=\"vertical-align: inherit\">Erfolge<\/font><span style=\"font-size: 1.5rem;font-style: inherit;font-weight: 200\"><\/span><\/h4><\/h4>\t\t\t\t<\/div>\n\t\t\t\t<\/div>\n\t\t\t\t<div class=\"elementor-element elementor-element-f098994 elementor-widget elementor-widget-counter\" data-id=\"f098994\" data-element_type=\"widget\" data-e-type=\"widget\" data-widget_type=\"counter.default\">\n\t\t\t\t<div class=\"elementor-widget-container\">\n\t\t\t\t\t\t\t<div class=\"elementor-counter\">\n\t\t\t<div class=\"elementor-counter-title\">Projektabschluss<\/div>\t\t\t<div class=\"elementor-counter-number-wrapper\">\n\t\t\t\t<span class=\"elementor-counter-number-prefix\"><\/span>\n\t\t\t\t<span class=\"elementor-counter-number\" data-duration=\"2000\" data-to-value=\"100\" data-from-value=\"0\" data-delimiter=\",\">0<\/span>\n\t\t\t\t<span class=\"elementor-counter-number-suffix\">%<\/span>\n\t\t\t<\/div>\n\t\t<\/div>\n\t\t\t\t\t\t<\/div>\n\t\t\t\t<\/div>\n\t\t\t\t<div class=\"elementor-element elementor-element-1cf7548 elementor-widget elementor-widget-counter\" data-id=\"1cf7548\" data-element_type=\"widget\" data-e-type=\"widget\" data-widget_type=\"counter.default\">\n\t\t\t\t<div class=\"elementor-widget-container\">\n\t\t\t\t\t\t\t<div class=\"elementor-counter\">\n\t\t\t<div class=\"elementor-counter-title\">Maschinenpark<\/div>\t\t\t<div class=\"elementor-counter-number-wrapper\">\n\t\t\t\t<span class=\"elementor-counter-number-prefix\"><\/span>\n\t\t\t\t<span class=\"elementor-counter-number\" data-duration=\"2500\" data-to-value=\"35\" data-from-value=\"0\" data-delimiter=\",\">0<\/span>\n\t\t\t\t<span class=\"elementor-counter-number-suffix\">+<\/span>\n\t\t\t<\/div>\n\t\t<\/div>\n\t\t\t\t\t\t<\/div>\n\t\t\t\t<\/div>\n\t\t\t\t<div class=\"elementor-element elementor-element-f4af17f elementor-widget elementor-widget-counter\" data-id=\"f4af17f\" data-element_type=\"widget\" data-e-type=\"widget\" data-widget_type=\"counter.default\">\n\t\t\t\t<div class=\"elementor-widget-container\">\n\t\t\t\t\t\t\t<div class=\"elementor-counter\">\n\t\t\t<div class=\"elementor-counter-title\">Anzahl der Mitarbeiter<\/div>\t\t\t<div class=\"elementor-counter-number-wrapper\">\n\t\t\t\t<span class=\"elementor-counter-number-prefix\"><\/span>\n\t\t\t\t<span class=\"elementor-counter-number\" data-duration=\"3000\" data-to-value=\"100\" data-from-value=\"0\" data-delimiter=\",\">0<\/span>\n\t\t\t\t<span class=\"elementor-counter-number-suffix\">+<\/span>\n\t\t\t<\/div>\n\t\t<\/div>\n\t\t\t\t\t\t<\/div>\n\t\t\t\t<\/div>\n\t\t\t\t<\/div>\n\t\t\t\t<\/div>\n\t\t<div class=\"elementor-element elementor-element-18d88ce e-flex e-con-boxed e-con e-parent\" data-id=\"18d88ce\" data-element_type=\"container\" data-e-type=\"container\">\n\t\t\t\t\t<div class=\"e-con-inner\">\n\t\t\t\t<div class=\"elementor-element elementor-element-9865959 elementor-widget elementor-widget-heading\" data-id=\"9865959\" data-element_type=\"widget\" data-e-type=\"widget\" data-widget_type=\"heading.default\">\n\t\t\t\t<div class=\"elementor-widget-container\">\n\t\t\t\t\t<h2 class=\"elementor-heading-title elementor-size-default\">So bewirken wir etwas in der Welt<\/h2>\t\t\t\t<\/div>\n\t\t\t\t<\/div>\n\t\t\t\t<div class=\"elementor-element elementor-element-78948f9 elementor-widget__width-initial elementor-widget elementor-widget-text-editor\" data-id=\"78948f9\" data-element_type=\"widget\" data-e-type=\"widget\" data-widget_type=\"text-editor.default\">\n\t\t\t\t<div class=\"elementor-widget-container\">\n\t\t\t\t\t\t\t\t\t<p>Bei Cemerel bewirken wir mit unseren innovativen Produktionsprozessen einen bedeutenden Unterschied in der Welt. Mit unserem Engagement f\u00fcr Spitzentechnologie und Qualit\u00e4t gestalten wir die Zukunft Produkt f\u00fcr Produkt.<\/p>\t\t\t\t\t\t\t\t<\/div>\n\t\t\t\t<\/div>\n\t\t\t\t\t<\/div>\n\t\t\t\t<\/div>\n\t\t<div class=\"elementor-element elementor-element-e3213b7 e-flex e-con-boxed e-con e-parent\" data-id=\"e3213b7\" data-element_type=\"container\" data-e-type=\"container\">\n\t\t\t\t\t<div class=\"e-con-inner\">\n\t\t<a class=\"elementor-element elementor-element-921d556 e-con-full e-flex e-con e-child\" data-id=\"921d556\" data-element_type=\"container\" data-e-type=\"container\" data-settings=\"{&quot;background_background&quot;:&quot;classic&quot;}\" href=\"\/de\/formen\/\">\n\t\t\t\t<div class=\"elementor-element elementor-element-6652173 elementor-widget elementor-widget-heading\" data-id=\"6652173\" data-element_type=\"widget\" data-e-type=\"widget\" data-widget_type=\"heading.default\">\n\t\t\t\t<div class=\"elementor-widget-container\">\n\t\t\t\t\t<h3 class=\"elementor-heading-title elementor-size-default\">FORMENWERKSTATT<\/h3>\t\t\t\t<\/div>\n\t\t\t\t<\/div>\n\t\t\t\t<\/a>\n\t\t<a class=\"elementor-element elementor-element-cd19b17 e-con-full e-flex e-con e-child\" data-id=\"cd19b17\" data-element_type=\"container\" data-e-type=\"container\" href=\"\/de\/motor\/\">\n\t\t\t\t<div class=\"elementor-element elementor-element-57c96f0 elementor-widget elementor-widget-heading\" data-id=\"57c96f0\" data-element_type=\"widget\" data-e-type=\"widget\" data-widget_type=\"heading.default\">\n\t\t\t\t<div class=\"elementor-widget-container\">\n\t\t\t\t\t<h3 class=\"elementor-heading-title elementor-size-default\">MOTORUMBAU<br>SYSTEME<\/h3>\t\t\t\t<\/div>\n\t\t\t\t<\/div>\n\t\t\t\t<\/a>\n\t\t<a class=\"elementor-element elementor-element-e144621 e-con-full e-flex e-con e-child\" data-id=\"e144621\" data-element_type=\"container\" data-e-type=\"container\" href=\"\/de\/building\/\">\n\t\t\t\t<div class=\"elementor-element elementor-element-bcc6ec6 elementor-widget elementor-widget-heading\" data-id=\"bcc6ec6\" data-element_type=\"widget\" data-e-type=\"widget\" data-widget_type=\"heading.default\">\n\t\t\t\t<div class=\"elementor-widget-container\">\n\t\t\t\t\t<h3 class=\"elementor-heading-title elementor-size-default\">GEB\u00c4UDE<\/h3>\t\t\t\t<\/div>\n\t\t\t\t<\/div>\n\t\t\t\t<\/a>\n\t\t<a class=\"elementor-element elementor-element-3988e0e e-con-full e-flex e-con e-child\" data-id=\"3988e0e\" data-element_type=\"container\" data-e-type=\"container\" href=\"\/de\/marine\/\">\n\t\t\t\t<div class=\"elementor-element elementor-element-35b33b5 elementor-widget elementor-widget-heading\" data-id=\"35b33b5\" data-element_type=\"widget\" data-e-type=\"widget\" data-widget_type=\"heading.default\">\n\t\t\t\t<div class=\"elementor-widget-container\">\n\t\t\t\t\t<h3 class=\"elementor-heading-title elementor-size-default\">MARINE<\/h3>\t\t\t\t<\/div>\n\t\t\t\t<\/div>\n\t\t\t\t<\/a>\n\t\t\t\t\t<\/div>\n\t\t\t\t<\/div>\n\t\t<div class=\"elementor-element elementor-element-6863bc6 e-flex e-con-boxed e-con e-parent\" data-id=\"6863bc6\" data-element_type=\"container\" data-e-type=\"container\">\n\t\t\t\t\t<div class=\"e-con-inner\">\n\t\t<div class=\"elementor-element elementor-element-43c0c79 e-con-full e-flex e-con e-child\" data-id=\"43c0c79\" data-element_type=\"container\" data-e-type=\"container\">\n\t\t\t\t<div class=\"elementor-element elementor-element-de1986e elementor-widget elementor-widget-heading\" data-id=\"de1986e\" data-element_type=\"widget\" data-e-type=\"widget\" data-widget_type=\"heading.default\">\n\t\t\t\t<div class=\"elementor-widget-container\">\n\t\t\t\t\t<h2 class=\"elementor-heading-title elementor-size-default\">Wer sind wir?<\/h2>\t\t\t\t<\/div>\n\t\t\t\t<\/div>\n\t\t\t\t<div class=\"elementor-element elementor-element-50b118c elementor-widget elementor-widget-text-editor\" data-id=\"50b118c\" data-element_type=\"widget\" data-e-type=\"widget\" data-widget_type=\"text-editor.default\">\n\t\t\t\t<div class=\"elementor-widget-container\">\n\t\t\t\t\t\t\t\t\t<p class=\"MsoNormal\"><strong><span>Als CEM EREL MOLD TECHNOLOGIES AND MACHINERY MET. ITH. IHR. SAN. T\u0130C. LTD. \u015eT\u0130.<\/span><\/strong><span>\u00a0\u00a0\u00a0sind wir Experten auf dem Gebiet des Kunststoff-Spritzgussformenbaus und der Motorumlaufleitungen\/-systeme. Wir k\u00f6nnen Sie in den Bereichen Kunststoff-Spritzgussteile (Spritzguss bis 40 Tonnen), K\u00fchlwasserschl\u00e4uche, Turboladerschl\u00e4uche, Kraftstoffleitungen und Vakuumleitungen unterst\u00fctzen. Gerne bearbeiten wir Ihre Fragen und Projekte. Auf Wunsch unterst\u00fctzen wir Sie auch als Experten in den Bereichen Designentwicklung, maritimer Sektor und Bausektor.<\/span><\/p>\t\t\t\t\t\t\t\t<\/div>\n\t\t\t\t<\/div>\n\t\t<div class=\"elementor-element elementor-element-eda5748 e-con-full e-flex e-con e-child\" data-id=\"eda5748\" data-element_type=\"container\" data-e-type=\"container\">\n\t\t\t\t<div class=\"elementor-element elementor-element-794445f elementor-widget__width-initial elementor-widget elementor-widget-video\" data-id=\"794445f\" data-element_type=\"widget\" data-e-type=\"widget\" data-settings=\"{&quot;video_type&quot;:&quot;hosted&quot;,&quot;autoplay&quot;:&quot;yes&quot;,&quot;play_on_mobile&quot;:&quot;yes&quot;,&quot;mute&quot;:&quot;yes&quot;,&quot;loop&quot;:&quot;yes&quot;}\" data-widget_type=\"video.default\">\n\t\t\t\t<div class=\"elementor-widget-container\">\n\t\t\t\t\t\t\t<div class=\"e-hosted-video elementor-wrapper elementor-open-inline\">\n\t\t\t\t\t<video class=\"elementor-video\" src=\"https:\/\/cemerel.com\/de\/wp-content\/uploads\/2025\/02\/WhatsApp-Video-2025-02-24-saat-11.22.44_82e92c97.mp4\" autoplay=\"\" loop=\"\" muted=\"muted\" playsinline=\"\" controlsList=\"nodownload\" poster=\"https:\/\/cemerel.com\/en\/wp-content\/uploads\/2024\/11\/7-1-scaled.jpg\"><\/video>\n\t\t\t\t<\/div>\n\t\t\t\t\t\t<\/div>\n\t\t\t\t<\/div>\n\t\t\t\t<\/div>\n\t\t\t\t<\/div>\n\t\t<div class=\"elementor-element elementor-element-f3c05f6 e-con-full e-flex e-con e-child\" data-id=\"f3c05f6\" data-element_type=\"container\" data-e-type=\"container\">\n\t\t<a class=\"elementor-element elementor-element-93b8095 e-con-full e-flex e-con e-child\" data-id=\"93b8095\" data-element_type=\"container\" data-e-type=\"container\" href=\"\/hakkimizda\/\">\n\t\t\t\t<\/a>\n\t\t\t\t<div class=\"elementor-element elementor-element-ad20896 elementor-widget elementor-widget-heading\" data-id=\"ad20896\" data-element_type=\"widget\" data-e-type=\"widget\" data-widget_type=\"heading.default\">\n\t\t\t\t<div class=\"elementor-widget-container\">\n\t\t\t\t\t<h2 class=\"elementor-heading-title elementor-size-default\">\u00dcber 25 Jahre Branchenerfahrung<\/h2>\t\t\t\t<\/div>\n\t\t\t\t<\/div>\n\t\t\t\t<div class=\"elementor-element elementor-element-94fc239 elementor-widget elementor-widget-text-editor\" data-id=\"94fc239\" data-element_type=\"widget\" data-e-type=\"widget\" data-widget_type=\"text-editor.default\">\n\t\t\t\t<div class=\"elementor-widget-container\">\n\t\t\t\t\t\t\t\t\t<p>Mit \u00fcber 25 Jahren konkurrenzloser Branchenerfahrung hat unser Fertigungsunternehmen sein Fachwissen weiterentwickelt und bietet seinen Kunden in den verschiedensten Branchen au\u00dfergew\u00f6hnliche Qualit\u00e4t und un\u00fcbertroffene Zuverl\u00e4ssigkeit.<\/p>\t\t\t\t\t\t\t\t<\/div>\n\t\t\t\t<\/div>\n\t\t\t\t<\/div>\n\t\t\t\t\t<\/div>\n\t\t\t\t<\/div>\n\t\t<div class=\"elementor-element elementor-element-6cf6978 e-flex e-con-boxed e-con e-parent\" data-id=\"6cf6978\" data-element_type=\"container\" data-e-type=\"container\">\n\t\t\t\t\t<div class=\"e-con-inner\">\n\t\t<div class=\"elementor-element elementor-element-ccca092 e-con-full e-flex e-con e-child\" data-id=\"ccca092\" data-element_type=\"container\" data-e-type=\"container\">\n\t\t\t\t<div class=\"elementor-element elementor-element-130b3dc elementor-widget elementor-widget-text-editor\" data-id=\"130b3dc\" data-element_type=\"widget\" data-e-type=\"widget\" data-widget_type=\"text-editor.default\">\n\t\t\t\t<div class=\"elementor-widget-container\">\n\t\t\t\t\t\t\t\t\t<p>Mit unseren CAD- und CAM-Programmen unterst\u00fctzen wir Sie in allen Bereichen. Sollten Sie ein ganz spezielles Programm ben\u00f6tigen, scheuen wir auch keine Kosten f\u00fcr Neuinvestitionen.<\/p>\t\t\t\t\t\t\t\t<\/div>\n\t\t\t\t<\/div>\n\t\t\t\t<\/div>\n\t\t<div class=\"elementor-element elementor-element-8424304 e-con-full animated-slow elementor-hidden-mobile e-flex elementor-invisible e-con e-child\" data-id=\"8424304\" data-element_type=\"container\" data-e-type=\"container\" data-settings=\"{&quot;animation&quot;:&quot;zoomIn&quot;,&quot;animation_delay&quot;:500}\">\n\t\t\t\t<div class=\"elementor-element elementor-element-2e6fadd elementor-widget elementor-widget-image\" data-id=\"2e6fadd\" data-element_type=\"widget\" data-e-type=\"widget\" data-widget_type=\"image.default\">\n\t\t\t\t<div class=\"elementor-widget-container\">\n\t\t\t\t\t\t\t\t\t\t\t\t\t\t\t<img fetchpriority=\"high\" decoding=\"async\" width=\"458\" height=\"233\" src=\"https:\/\/cemerel.com\/de\/wp-content\/uploads\/2025\/02\/cadcam1.png\" class=\"attachment-large size-large wp-image-1007\" alt=\"\" srcset=\"https:\/\/cemerel.com\/de\/wp-content\/uploads\/2025\/02\/cadcam1.png 458w, https:\/\/cemerel.com\/de\/wp-content\/uploads\/2025\/02\/cadcam1-300x153.png 300w\" sizes=\"(max-width: 458px) 100vw, 458px\" \/>\t\t\t\t\t\t\t\t\t\t\t\t\t\t\t<\/div>\n\t\t\t\t<\/div>\n\t\t\t\t<div class=\"elementor-element elementor-element-57cffdf elementor-widget elementor-widget-image\" data-id=\"57cffdf\" data-element_type=\"widget\" data-e-type=\"widget\" data-widget_type=\"image.default\">\n\t\t\t\t<div class=\"elementor-widget-container\">\n\t\t\t\t\t\t\t\t\t\t\t\t\t\t\t<img decoding=\"async\" width=\"452\" height=\"233\" src=\"https:\/\/cemerel.com\/de\/wp-content\/uploads\/2025\/02\/cadcam2.png\" class=\"attachment-large size-large wp-image-1008\" alt=\"\" srcset=\"https:\/\/cemerel.com\/de\/wp-content\/uploads\/2025\/02\/cadcam2.png 452w, https:\/\/cemerel.com\/de\/wp-content\/uploads\/2025\/02\/cadcam2-300x155.png 300w\" sizes=\"(max-width: 452px) 100vw, 452px\" \/>\t\t\t\t\t\t\t\t\t\t\t\t\t\t\t<\/div>\n\t\t\t\t<\/div>\n\t\t\t\t<div class=\"elementor-element elementor-element-a37f449 elementor-widget elementor-widget-image\" data-id=\"a37f449\" data-element_type=\"widget\" data-e-type=\"widget\" data-widget_type=\"image.default\">\n\t\t\t\t<div class=\"elementor-widget-container\">\n\t\t\t\t\t\t\t\t\t\t\t\t\t\t\t<img decoding=\"async\" width=\"458\" height=\"233\" src=\"https:\/\/cemerel.com\/de\/wp-content\/uploads\/2025\/02\/cadcam3.png\" class=\"attachment-large size-large wp-image-1009\" alt=\"\" srcset=\"https:\/\/cemerel.com\/de\/wp-content\/uploads\/2025\/02\/cadcam3.png 458w, https:\/\/cemerel.com\/de\/wp-content\/uploads\/2025\/02\/cadcam3-300x153.png 300w\" sizes=\"(max-width: 458px) 100vw, 458px\" \/>\t\t\t\t\t\t\t\t\t\t\t\t\t\t\t<\/div>\n\t\t\t\t<\/div>\n\t\t\t\t<\/div>\n\t\t\t\t\t<\/div>\n\t\t\t\t<\/div>\n\t\t\t\t<\/div>\n\t\t","protected":false},"excerpt":{"rendered":"<p>Erfolge Projektabschluss 0 % Maschinenpark 0 + Anzahl der Mitarbeiter 0 + So bewirken wir etwas in der Welt Bei Cemerel bewirken wir mit unseren innovativen Produktionsprozessen einen bedeutenden Unterschied in der Welt. Mit unserem Engagement f\u00fcr Spitzentechnologie und Qualit\u00e4t gestalten wir die Zukunft Produkt f\u00fcr Produkt. FORMENWERKSTATT MOTORUMBAUSYSTEME GEB\u00c4UDE MARINE Wer sind wir? Als [&hellip;]<\/p>\n","protected":false},"author":1,"featured_media":0,"parent":0,"menu_order":0,"comment_status":"closed","ping_status":"closed","template":"","meta":{"site-sidebar-layout":"no-sidebar","site-content-layout":"page-builder","ast-site-content-layout":"default","site-content-style":"default","site-sidebar-style":"default","ast-global-header-display":"","ast-banner-title-visibility":"","ast-main-header-display":"","ast-hfb-above-header-display":"","ast-hfb-below-header-display":"","ast-hfb-mobile-header-display":"","site-post-title":"disabled","ast-breadcrumbs-content":"disabled","ast-featured-img":"disabled","footer-sml-layout":"","ast-disable-related-posts":"","theme-transparent-header-meta":"enabled","adv-header-id-meta":"","stick-header-meta":"","header-above-stick-meta":"","header-main-stick-meta":"","header-below-stick-meta":"","astra-migrate-meta-layouts":"default","ast-page-background-enabled":"default","ast-page-background-meta":{"desktop":{"background-color":"var(--ast-global-color-4)","background-image":"","background-repeat":"repeat","background-position":"center center","background-size":"auto","background-attachment":"scroll","background-type":"","background-media":"","overlay-type":"","overlay-color":"","overlay-opacity":"","overlay-gradient":""},"tablet":{"background-color":"","background-image":"","background-repeat":"repeat","background-position":"center center","background-size":"auto","background-attachment":"scroll","background-type":"","background-media":"","overlay-type":"","overlay-color":"","overlay-opacity":"","overlay-gradient":""},"mobile":{"background-color":"","background-image":"","background-repeat":"repeat","background-position":"center center","background-size":"auto","background-attachment":"scroll","background-type":"","background-media":"","overlay-type":"","overlay-color":"","overlay-opacity":"","overlay-gradient":""}},"ast-content-background-meta":{"desktop":{"background-color":"var(--ast-global-color-5)","background-image":"","background-repeat":"repeat","background-position":"center center","background-size":"auto","background-attachment":"scroll","background-type":"","background-media":"","overlay-type":"","overlay-color":"","overlay-opacity":"","overlay-gradient":""},"tablet":{"background-color":"var(--ast-global-color-5)","background-image":"","background-repeat":"repeat","background-position":"center center","background-size":"auto","background-attachment":"scroll","background-type":"","background-media":"","overlay-type":"","overlay-color":"","overlay-opacity":"","overlay-gradient":""},"mobile":{"background-color":"var(--ast-global-color-5)","background-image":"","background-repeat":"repeat","background-position":"center center","background-size":"auto","background-attachment":"scroll","background-type":"","background-media":"","overlay-type":"","overlay-color":"","overlay-opacity":"","overlay-gradient":""}},"footnotes":""},"class_list":["post-308","page","type-page","status-publish","hentry"],"_links":{"self":[{"href":"https:\/\/cemerel.com\/de\/wp-json\/wp\/v2\/pages\/308","targetHints":{"allow":["GET"]}}],"collection":[{"href":"https:\/\/cemerel.com\/de\/wp-json\/wp\/v2\/pages"}],"about":[{"href":"https:\/\/cemerel.com\/de\/wp-json\/wp\/v2\/types\/page"}],"author":[{"embeddable":true,"href":"https:\/\/cemerel.com\/de\/wp-json\/wp\/v2\/users\/1"}],"replies":[{"embeddable":true,"href":"https:\/\/cemerel.com\/de\/wp-json\/wp\/v2\/comments?post=308"}],"version-history":[{"count":207,"href":"https:\/\/cemerel.com\/de\/wp-json\/wp\/v2\/pages\/308\/revisions"}],"predecessor-version":[{"id":1616,"href":"https:\/\/cemerel.com\/de\/wp-json\/wp\/v2\/pages\/308\/revisions\/1616"}],"wp:attachment":[{"href":"https:\/\/cemerel.com\/de\/wp-json\/wp\/v2\/media?parent=308"}],"curies":[{"name":"wp","href":"https:\/\/api.w.org\/{rel}","templated":true}]}}